{"id":473,"date":"2018-07-09T09:57:03","date_gmt":"2018-07-09T13:57:03","guid":{"rendered":"https:\/\/www.dieselspec.com\/?page_id=473"},"modified":"2019-11-20T15:13:42","modified_gmt":"2019-11-20T20:13:42","slug":"international","status":"publish","type":"page","link":"https:\/\/www.dieselspec.com\/fr\/elimination-de-dpf\/international\/","title":{"rendered":"\u00c9limination du DPF pour moteur International"},"content":{"rendered":"<p style=\"text-align: justify;\">M\u00eame une am\u00e9lioration modeste de l&rsquo;efficacit\u00e9 du moteur peut vous offrir beaucoup. Par exemple, les \u00e9conomies de carburant aident \u00e0 r\u00e9duire les frais g\u00e9n\u00e9raux, \u00e9liminer certaines pi\u00e8ces peut am\u00e9liorer les performances et minimiser le besoin de r\u00e9paration, et la reprogrammation personnalis\u00e9e du moteur peut am\u00e9liorer la puissance de celui-ci. Chez Diesel Spec, nous sommes fiers d&rsquo;offrir des services de reprogrammation et d\u2019\u00e9limination du DPF sur une vaste gamme de marques et de mod\u00e8les de moteurs, y compris <a href=\"https:\/\/www.internationaltrucks.com\" target=\"_blank\" rel=\"noopener noreferrer\">International<\/a>.<\/p>\n<p style=\"text-align: justify;\">L&rsquo;un des services que nous offrons est l\u2019\u00e9limination du DPF, ou filtre \u00e0 particules diesel. Bien que la composante ait de bonnes intentions, elle finit souvent par devenir probl\u00e9matique \u00e0 long terme. La supprimer peut ainsi \u00e9liminer les dommages potentiels qu&rsquo;elle peut causer, tout en offrant des avantages suppl\u00e9mentaires aux propri\u00e9taires-exploitants et aux gestionnaires de flottes. Voici un bref aper\u00e7u des mod\u00e8les de moteur diesel International dont nous offrons le service:<\/p>\n<p style=\"text-align: justify;\"><div class='models-section'><a href='#' class='btn s01 toggle-tab'><span>Voir les mod\u00e8les<\/span><i class='icon icon-arrow-down'><\/i><\/a><div class='models-tab'><div class='models-row models-head'><div class='models-col col-brand'>Marque<\/div><div class='models-col col-model'>Mod\u00e8le<\/div><div class='models-col col-ecm'>Ann\u00e9e<\/div><div class='models-col col-tuning'>Moteur<\/div><\/div><div class='models-row'><div class='models-col col-brand'><span class='label'>Marque :<\/span>International<\/div><div class='models-col col-model'><span class='label'>Mod\u00e8le :<\/span>DT Series<\/div><div class='models-col col-ecm'><span class='label'>Ann\u00e9e :<\/span>2007 - 2013<\/div><div class='models-col col-tuning'><span class='label'>Moteur :<\/span>\u00c9CONOMIE DE CARBURANT & PERFORMANCE<br>\u00c9LIMINATION EGR<br>\u00c9LIMINATION DPF<\/div><\/div><div class='models-row'><div class='models-col col-brand'><span class='label'>Marque :<\/span>International<\/div><div class='models-col col-model'><span class='label'>Mod\u00e8le :<\/span>MaxxForce 5<\/div><div class='models-col col-ecm'><span class='label'>Ann\u00e9e :<\/span>2007 - 2013<\/div><div class='models-col col-tuning'><span class='label'>Moteur :<\/span>\u00c9CONOMIE DE CARBURANT & PERFORMANCE<br>\u00c9LIMINATION EGR<br>\u00c9LIMINATION DPF<\/div><\/div><div class='models-row'><div class='models-col col-brand'><span class='label'>Marque :<\/span>International<\/div><div class='models-col col-model'><span class='label'>Mod\u00e8le :<\/span>MaxxForce 7<\/div><div class='models-col col-ecm'><span class='label'>Ann\u00e9e :<\/span>2007 - 2013<\/div><div class='models-col col-tuning'><span class='label'>Moteur :<\/span>\u00c9CONOMIE DE CARBURANT & PERFORMANCE<br>\u00c9LIMINATION EGR<br>\u00c9LIMINATION DPF<\/div><\/div><div class='models-row'><div class='models-col col-brand'><span class='label'>Marque :<\/span>International<\/div><div class='models-col col-model'><span class='label'>Mod\u00e8le :<\/span>MaxxForce 9<\/div><div class='models-col col-ecm'><span class='label'>Ann\u00e9e :<\/span>2007 - 2013<\/div><div class='models-col col-tuning'><span class='label'>Moteur :<\/span>\u00c9CONOMIE DE CARBURANT & PERFORMANCE<br>\u00c9LIMINATION EGR<br>\u00c9LIMINATION DPF<\/div><\/div><div class='models-row'><div class='models-col col-brand'><span class='label'>Marque :<\/span>International<\/div><div class='models-col col-model'><span class='label'>Mod\u00e8le :<\/span>MaxxForce 10<\/div><div class='models-col col-ecm'><span class='label'>Ann\u00e9e :<\/span>2007 - 2013<\/div><div class='models-col col-tuning'><span class='label'>Moteur :<\/span>\u00c9CONOMIE DE CARBURANT & PERFORMANCE<br>\u00c9LIMINATION EGR<br>\u00c9LIMINATION DPF<\/div><\/div><div class='models-row'><div class='models-col col-brand'><span class='label'>Marque :<\/span>International<\/div><div class='models-col col-model'><span class='label'>Mod\u00e8le :<\/span>MaxxForce 11<\/div><div class='models-col col-ecm'><span class='label'>Ann\u00e9e :<\/span>2007 - 2013<\/div><div class='models-col col-tuning'><span class='label'>Moteur :<\/span>\u00c9CONOMIE DE CARBURANT & PERFORMANCE<br>\u00c9LIMINATION EGR<br>\u00c9LIMINATION DPF<\/div><\/div><div class='models-row'><div class='models-col col-brand'><span class='label'>Marque :<\/span>International<\/div><div class='models-col col-model'><span class='label'>Mod\u00e8le :<\/span>MaxxForce 13<\/div><div class='models-col col-ecm'><span class='label'>Ann\u00e9e :<\/span>2007 - 2013<\/div><div class='models-col col-tuning'><span class='label'>Moteur :<\/span>\u00c9CONOMIE DE CARBURANT & PERFORMANCE<br>\u00c9LIMINATION EGR<br>\u00c9LIMINATION DPF<\/div><\/div><div class='models-row'><div class='models-col col-brand'><span class='label'>Marque :<\/span>International<\/div><div class='models-col col-model'><span class='label'>Mod\u00e8le :<\/span>MaxxForce 15<\/div><div class='models-col col-ecm'><span class='label'>Ann\u00e9e :<\/span>2007 - 2013<\/div><div class='models-col col-tuning'><span class='label'>Moteur :<\/span>\u00c9CONOMIE DE CARBURANT & PERFORMANCE<br>\u00c9LIMINATION EGR<br>\u00c9LIMINATION DPF<\/div><\/div><\/div><\/div><\/p>\n<p style=\"text-align: justify;\">Vous ne trouvez pas votre moteur International parmi ceux que nous avons list\u00e9s? Appelez-nous et nous verrons ce que nous pouvons faire. Il convient de noter que nous offrons \u00e9galement des services de reprogrammation sur de nombreux autres mod\u00e8les de moteurs diesel International. Contactez-nous d\u00e8s aujourd&rsquo;hui pour en savoir plus sur la port\u00e9e des moteurs International sur lesquels nous travaillons.<\/p>\n<p style=\"text-align: justify;\"><a class='btn s01' href='https:\/\/www.dieselspec.com\/fr\/nous-joindre\/' target='_self'><span>Contactez-nous<\/span><i class='icon icon-arrow-right'><\/i><\/a><\/p>\n<p>&nbsp;<\/p>\n<h2 style=\"text-align: justify;\">La suppression du DPF : Les bases<\/h2>\n<p style=\"text-align: justify;\">Le DPF est livr\u00e9 de s\u00e9rie sur la plupart des v\u00e9hicules \u00e0 moteur diesel, et il est con\u00e7u pour capturer la suie et d&rsquo;autres polluants avant qu&rsquo;ils aient une chance d&rsquo;\u00eatre \u00e9mis dans l&rsquo;atmosph\u00e8re. Cependant, \u00e9tant donn\u00e9 que ce composant est un filtre, il doit \u00eatre nettoy\u00e9 pour \u00e9liminer l&rsquo;accumulation de suie et de contaminants de temps \u00e0 autre. Ceci est accompli par un processus appel\u00e9 \u00ab r\u00e9g\u00e9n\u00e9ration \u00bb qui est souvent tr\u00e8s probl\u00e9matique. Pour que la r\u00e9g\u00e9n\u00e9ration ait lieu, le v\u00e9hicule doit rouler \u00e0 des vitesses d\u2019environs 70 kilom\u00e8tres par heure (ou plus) de fa\u00e7on constante afin d\u2019augmenter la chaleur du DPF pour qu\u2019il puisse br\u00fbler les contaminants. Mais cette r\u00e9g\u00e9n\u00e9ration pouvant durer parfois jusqu&rsquo;\u00e0 45 minutes, le maintien de vitesses \u00e9lev\u00e9es peut \u00eatre un d\u00e9fi pour certaines situations par exemple la conduite en ville.<\/p>\n<p style=\"text-align: justify;\">Lorsque la r\u00e9g\u00e9n\u00e9ration ne peut pas se produire, le DPF peut s&rsquo;obstruer et le moteur peut \u00e9galement subir des dommages. Plut\u00f4t que de g\u00e9rer les tracas d&rsquo;un DPF obstru\u00e9 et les dommages potentiels au moteur et sans parler des r\u00e9parations et des temps d&rsquo;arr\u00eat qui en d\u00e9coulent, de nombreux propri\u00e9taires-exploitants et gestionnaires de flotte choisissent simplement de supprimer compl\u00e8tement le composant.<\/p>\n<p>&nbsp;<\/p>\n<h2 style=\"text-align: justify;\">Avantages de l\u2019\u00e9limination du DPF<\/h2>\n<p style=\"text-align: justify;\">Mis \u00e0 part l&rsquo;\u00e9limination de l\u2019entretien et les probl\u00e8mes de r\u00e9paration possibles associ\u00e9s au DPF, il existe divers autres avantages \u00e0 la supprimer. Ceux-ci incluent:<\/p>\n<ul style=\"text-align: justify;\">\n<li>Am\u00e9lioration de l&rsquo;\u00e9conomie de carburant: Pour que la r\u00e9g\u00e9n\u00e9ration se produise, du carburant doit \u00eatre inject\u00e9 dans le syst\u00e8me. Apr\u00e8s la suppression du DPF, l&rsquo;\u00e9conomie de carburant s&rsquo;am\u00e9liore souvent, car ce carburant n&rsquo;est plus n\u00e9cessaire pour le nettoyage du filtre.<\/li>\n<li>Puissance du moteur am\u00e9lior\u00e9e: Le DPF produit une restriction sur le moteur, l&#8217;emp\u00eachant de fonctionner \u00e0 son plein potentiel. De nombreux propri\u00e9taires de v\u00e9hicule diesel et gestionnaires de flottes signalent une am\u00e9lioration sensible de la performance apr\u00e8s la suppression.<\/li>\n<\/ul>\n<p style=\"text-align: justify;\">Pour plus d&rsquo;informations sur la fa\u00e7on dont l\u2019\u00e9limination du DPF peut aider vos v\u00e9hicules \u00e0 moteur diesel et pour l&rsquo;ensemble des moteurs diesel International dont nous offrons les services, <a href=\"https:\/\/www.dieselspec.com\/fr\/nous-joindre\/\">contactez-nous<\/a> d\u00e8s aujourd&rsquo;hui.<\/p>\n<p>&nbsp;<\/p>\n<h2 style=\"text-align: justify;\">Avertissement calibration hors-route<\/h2>\n<p style=\"text-align: justify;\">La <a href=\"https:\/\/www.dieselspec.com\/fr\/calibration-hors-route\/\">calibration HORS-ROUTE<\/a> est destin\u00e9e \u00e0 une utilisation hors route UNIQUEMENT et peut ne pas \u00eatre l\u00e9gale dans votre Province ou \u00c9tat. Veuillez v\u00e9rifier les lois provinciales ou de votre \u00c9tat ainsi que vous r\u00e9f\u00e9rer aux lois f\u00e9d\u00e9rales avant de proc\u00e9der.<\/p>\n","protected":false},"excerpt":{"rendered":"<p>M\u00eame une am\u00e9lioration modeste de l&rsquo;efficacit\u00e9 du moteur peut vous offrir beaucoup. Par exemple, les \u00e9conomies de carburant aident \u00e0 r\u00e9duire les frais g\u00e9n\u00e9raux, \u00e9liminer certaines pi\u00e8ces peut am\u00e9liorer les performances et minimiser le besoin de r\u00e9paration, et la reprogrammation personnalis\u00e9e du moteur peut am\u00e9liorer la puissance de celui-ci. Chez Diesel Spec, nous sommes fiers&#8230; <a class=\"moretag\" href=\"https:\/\/www.dieselspec.com\/fr\/tunings\/international-maxxforce-15-2007-2013\/\">En savoir plus<\/a><\/p>\n","protected":false},"author":1,"featured_media":0,"parent":283,"menu_order":0,"comment_status":"closed","ping_status":"closed","template":"","meta":{"_acf_changed":false,"om_disable_all_campaigns":false,"footnotes":""},"class_list":["post-473","page","type-page","status-publish","hentry"],"acf":[],"yoast_head":"<!-- This site is optimized with the Yoast SEO plugin v27.4 - https:\/\/yoast.com\/product\/yoast-seo-wordpress\/ -->\n<title>\u00c9limination du DPF Moteur Diesel International - Diesel Spec<\/title>\n<meta name=\"description\" content=\"Demandez \u00e0 notre \u00e9quipe d&#039;experts d&#039;effectuer l\u2019\u00e9limination du DPF sur votre moteur diesel international pour en r\u00e9colter les b\u00e9n\u00e9fices.\" \/>\n<meta name=\"robots\" content=\"index, follow, max-snippet:-1, max-image-preview:large, max-video-preview:-1\" \/>\n<link rel=\"canonical\" href=\"https:\/\/www.dieselspec.com\/fr\/elimination-de-dpf\/international\/\" \/>\n<meta property=\"og:locale\" content=\"fr_CA\" \/>\n<meta property=\"og:type\" content=\"article\" \/>\n<meta property=\"og:title\" content=\"\u00c9limination du DPF Moteur Diesel International - Diesel Spec\" \/>\n<meta property=\"og:description\" content=\"Demandez \u00e0 notre \u00e9quipe d&#039;experts d&#039;effectuer l\u2019\u00e9limination du DPF sur votre moteur diesel international pour en r\u00e9colter les b\u00e9n\u00e9fices.\" \/>\n<meta property=\"og:url\" content=\"https:\/\/www.dieselspec.com\/fr\/elimination-de-dpf\/international\/\" \/>\n<meta property=\"og:site_name\" content=\"Diesel Spec\" \/>\n<meta property=\"article:publisher\" content=\"https:\/\/www.facebook.com\/dieselspecinc\/\" \/>\n<meta property=\"article:modified_time\" content=\"2019-11-20T20:13:42+00:00\" \/>\n<meta name=\"twitter:card\" content=\"summary_large_image\" \/>\n<meta name=\"twitter:label1\" content=\"Estimation du temps de lecture\" \/>\n\t<meta name=\"twitter:data1\" content=\"3 minutes\" \/>\n<script type=\"application\/ld+json\" class=\"yoast-schema-graph\">{\"@context\":\"https:\\\/\\\/schema.org\",\"@graph\":[{\"@type\":\"WebPage\",\"@id\":\"https:\\\/\\\/www.dieselspec.com\\\/fr\\\/elimination-de-dpf\\\/international\\\/\",\"url\":\"https:\\\/\\\/www.dieselspec.com\\\/fr\\\/elimination-de-dpf\\\/international\\\/\",\"name\":\"\u00c9limination du DPF Moteur Diesel International - Diesel Spec\",\"isPartOf\":{\"@id\":\"https:\\\/\\\/www.dieselspec.com\\\/#website\"},\"datePublished\":\"2018-07-09T13:57:03+00:00\",\"dateModified\":\"2019-11-20T20:13:42+00:00\",\"description\":\"Demandez \u00e0 notre \u00e9quipe d'experts d'effectuer l\u2019\u00e9limination du DPF sur votre moteur diesel international pour en r\u00e9colter les b\u00e9n\u00e9fices.\",\"breadcrumb\":{\"@id\":\"https:\\\/\\\/www.dieselspec.com\\\/fr\\\/elimination-de-dpf\\\/international\\\/#breadcrumb\"},\"inLanguage\":\"fr-CA\",\"potentialAction\":[{\"@type\":\"ReadAction\",\"target\":[\"https:\\\/\\\/www.dieselspec.com\\\/fr\\\/elimination-de-dpf\\\/international\\\/\"]}]},{\"@type\":\"BreadcrumbList\",\"@id\":\"https:\\\/\\\/www.dieselspec.com\\\/fr\\\/elimination-de-dpf\\\/international\\\/#breadcrumb\",\"itemListElement\":[{\"@type\":\"ListItem\",\"position\":1,\"name\":\"Home\",\"item\":\"https:\\\/\\\/www.dieselspec.com\\\/fr\\\/\"},{\"@type\":\"ListItem\",\"position\":2,\"name\":\"\u00c9limination de DPF pour camions\",\"item\":\"https:\\\/\\\/www.dieselspec.com\\\/fr\\\/elimination-de-dpf\\\/\"},{\"@type\":\"ListItem\",\"position\":3,\"name\":\"\u00c9limination du DPF pour moteur International\"}]},{\"@type\":\"WebSite\",\"@id\":\"https:\\\/\\\/www.dieselspec.com\\\/#website\",\"url\":\"https:\\\/\\\/www.dieselspec.com\\\/\",\"name\":\"Diesel Spec\",\"description\":\"Un site utilisant WordPress\",\"publisher\":{\"@id\":\"https:\\\/\\\/www.dieselspec.com\\\/#organization\"},\"potentialAction\":[{\"@type\":\"SearchAction\",\"target\":{\"@type\":\"EntryPoint\",\"urlTemplate\":\"https:\\\/\\\/www.dieselspec.com\\\/?s={search_term_string}\"},\"query-input\":{\"@type\":\"PropertyValueSpecification\",\"valueRequired\":true,\"valueName\":\"search_term_string\"}}],\"inLanguage\":\"fr-CA\"},{\"@type\":\"Organization\",\"@id\":\"https:\\\/\\\/www.dieselspec.com\\\/#organization\",\"name\":\"Diesel Spec\",\"url\":\"https:\\\/\\\/www.dieselspec.com\\\/\",\"logo\":{\"@type\":\"ImageObject\",\"inLanguage\":\"fr-CA\",\"@id\":\"https:\\\/\\\/www.dieselspec.com\\\/#\\\/schema\\\/logo\\\/image\\\/\",\"url\":\"https:\\\/\\\/www.dieselspec.com\\\/wp-content\\\/uploads\\\/2018\\\/08\\\/logo.png\",\"contentUrl\":\"https:\\\/\\\/www.dieselspec.com\\\/wp-content\\\/uploads\\\/2018\\\/08\\\/logo.png\",\"width\":341,\"height\":39,\"caption\":\"Diesel Spec\"},\"image\":{\"@id\":\"https:\\\/\\\/www.dieselspec.com\\\/#\\\/schema\\\/logo\\\/image\\\/\"},\"sameAs\":[\"https:\\\/\\\/www.facebook.com\\\/dieselspecinc\\\/\",\"https:\\\/\\\/www.instagram.com\\\/diesel_spec_inc\\\/\",\"https:\\\/\\\/www.youtube.com\\\/channel\\\/UCkzKxcHstL_DVIYdum5CUxA\"]}]}<\/script>\n<!-- \/ Yoast SEO plugin. -->","yoast_head_json":{"title":"\u00c9limination du DPF Moteur Diesel International - Diesel Spec","description":"Demandez \u00e0 notre \u00e9quipe d'experts d'effectuer l\u2019\u00e9limination du DPF sur votre moteur diesel international pour en r\u00e9colter les b\u00e9n\u00e9fices.","robots":{"index":"index","follow":"follow","max-snippet":"max-snippet:-1","max-image-preview":"max-image-preview:large","max-video-preview":"max-video-preview:-1"},"canonical":"https:\/\/www.dieselspec.com\/fr\/elimination-de-dpf\/international\/","og_locale":"fr_CA","og_type":"article","og_title":"\u00c9limination du DPF Moteur Diesel International - Diesel Spec","og_description":"Demandez \u00e0 notre \u00e9quipe d'experts d'effectuer l\u2019\u00e9limination du DPF sur votre moteur diesel international pour en r\u00e9colter les b\u00e9n\u00e9fices.","og_url":"https:\/\/www.dieselspec.com\/fr\/elimination-de-dpf\/international\/","og_site_name":"Diesel Spec","article_publisher":"https:\/\/www.facebook.com\/dieselspecinc\/","article_modified_time":"2019-11-20T20:13:42+00:00","twitter_card":"summary_large_image","twitter_misc":{"Estimation du temps de lecture":"3 minutes"},"schema":{"@context":"https:\/\/schema.org","@graph":[{"@type":"WebPage","@id":"https:\/\/www.dieselspec.com\/fr\/elimination-de-dpf\/international\/","url":"https:\/\/www.dieselspec.com\/fr\/elimination-de-dpf\/international\/","name":"\u00c9limination du DPF Moteur Diesel International - Diesel Spec","isPartOf":{"@id":"https:\/\/www.dieselspec.com\/#website"},"datePublished":"2018-07-09T13:57:03+00:00","dateModified":"2019-11-20T20:13:42+00:00","description":"Demandez \u00e0 notre \u00e9quipe d'experts d'effectuer l\u2019\u00e9limination du DPF sur votre moteur diesel international pour en r\u00e9colter les b\u00e9n\u00e9fices.","breadcrumb":{"@id":"https:\/\/www.dieselspec.com\/fr\/elimination-de-dpf\/international\/#breadcrumb"},"inLanguage":"fr-CA","potentialAction":[{"@type":"ReadAction","target":["https:\/\/www.dieselspec.com\/fr\/elimination-de-dpf\/international\/"]}]},{"@type":"BreadcrumbList","@id":"https:\/\/www.dieselspec.com\/fr\/elimination-de-dpf\/international\/#breadcrumb","itemListElement":[{"@type":"ListItem","position":1,"name":"Home","item":"https:\/\/www.dieselspec.com\/fr\/"},{"@type":"ListItem","position":2,"name":"\u00c9limination de DPF pour camions","item":"https:\/\/www.dieselspec.com\/fr\/elimination-de-dpf\/"},{"@type":"ListItem","position":3,"name":"\u00c9limination du DPF pour moteur International"}]},{"@type":"WebSite","@id":"https:\/\/www.dieselspec.com\/#website","url":"https:\/\/www.dieselspec.com\/","name":"Diesel Spec","description":"Un site utilisant WordPress","publisher":{"@id":"https:\/\/www.dieselspec.com\/#organization"},"potentialAction":[{"@type":"SearchAction","target":{"@type":"EntryPoint","urlTemplate":"https:\/\/www.dieselspec.com\/?s={search_term_string}"},"query-input":{"@type":"PropertyValueSpecification","valueRequired":true,"valueName":"search_term_string"}}],"inLanguage":"fr-CA"},{"@type":"Organization","@id":"https:\/\/www.dieselspec.com\/#organization","name":"Diesel Spec","url":"https:\/\/www.dieselspec.com\/","logo":{"@type":"ImageObject","inLanguage":"fr-CA","@id":"https:\/\/www.dieselspec.com\/#\/schema\/logo\/image\/","url":"https:\/\/www.dieselspec.com\/wp-content\/uploads\/2018\/08\/logo.png","contentUrl":"https:\/\/www.dieselspec.com\/wp-content\/uploads\/2018\/08\/logo.png","width":341,"height":39,"caption":"Diesel Spec"},"image":{"@id":"https:\/\/www.dieselspec.com\/#\/schema\/logo\/image\/"},"sameAs":["https:\/\/www.facebook.com\/dieselspecinc\/","https:\/\/www.instagram.com\/diesel_spec_inc\/","https:\/\/www.youtube.com\/channel\/UCkzKxcHstL_DVIYdum5CUxA"]}]}},"_links":{"self":[{"href":"https:\/\/www.dieselspec.com\/fr\/wp-json\/wp\/v2\/pages\/473","targetHints":{"allow":["GET"]}}],"collection":[{"href":"https:\/\/www.dieselspec.com\/fr\/wp-json\/wp\/v2\/pages"}],"about":[{"href":"https:\/\/www.dieselspec.com\/fr\/wp-json\/wp\/v2\/types\/page"}],"author":[{"embeddable":true,"href":"https:\/\/www.dieselspec.com\/fr\/wp-json\/wp\/v2\/users\/1"}],"replies":[{"embeddable":true,"href":"https:\/\/www.dieselspec.com\/fr\/wp-json\/wp\/v2\/comments?post=473"}],"version-history":[{"count":5,"href":"https:\/\/www.dieselspec.com\/fr\/wp-json\/wp\/v2\/pages\/473\/revisions"}],"predecessor-version":[{"id":2280,"href":"https:\/\/www.dieselspec.com\/fr\/wp-json\/wp\/v2\/pages\/473\/revisions\/2280"}],"up":[{"embeddable":true,"href":"https:\/\/www.dieselspec.com\/fr\/wp-json\/wp\/v2\/pages\/283"}],"wp:attachment":[{"href":"https:\/\/www.dieselspec.com\/fr\/wp-json\/wp\/v2\/media?parent=473"}],"curies":[{"name":"wp","href":"https:\/\/api.w.org\/{rel}","templated":true}]}}