{"id":460,"date":"2018-07-09T09:41:57","date_gmt":"2018-07-09T13:41:57","guid":{"rendered":"https:\/\/www.dieselspec.com\/?page_id=460"},"modified":"2019-10-21T16:48:41","modified_gmt":"2019-10-21T20:48:41","slug":"paccar","status":"publish","type":"page","link":"https:\/\/www.dieselspec.com\/fr\/elimination-de-dpf\/paccar\/","title":{"rendered":"\u00c9limination du DPF pour moteur Paccar"},"content":{"rendered":"<p style=\"text-align: justify;\">Que vous soyez propri\u00e9taire-exploitant ou gestionnaire de flotte, il est naturel de vouloir que vos v\u00e9hicules \u00e0 moteur diesel fonctionnent plus efficacement, plus \u00e9conomiquement et plus longtemps. C&rsquo;est l\u00e0 que la reprogrammation du moteur et les pratiques sp\u00e9cialis\u00e9es comme l\u2019\u00e9limination du DPF Paccar, ou filtre \u00e0 particules diesel, peuvent vraiment porter leurs fruits. La suppression du DPF peut r\u00e9duire les co\u00fbts de maintenance, am\u00e9liorer l&rsquo;\u00e9conomie de carburant et am\u00e9liorer l&rsquo;efficacit\u00e9 du moteur. Chez Diesel Spec, nous sommes fiers d&rsquo;offrir nos services sur la plupart des marques et mod\u00e8les de moteurs. L&rsquo;une des marques que nous desservons est Paccar. Ci-dessous vous trouverez un \u00e9chantillon des moteurs dont nous pouvons \u00e9liminer le DPF:<\/p>\n<p style=\"text-align: justify;\"><div class='models-section'><a href='#' class='btn s01 toggle-tab'><span>Voir les mod\u00e8les<\/span><i class='icon icon-arrow-down'><\/i><\/a><div class='models-tab'><div class='models-row models-head'><div class='models-col col-brand'>Marque<\/div><div class='models-col col-model'>Mod\u00e8le<\/div><div class='models-col col-ecm'>Ann\u00e9e<\/div><div class='models-col col-tuning'>Moteur<\/div><\/div><div class='models-row'><div class='models-col col-brand'><span class='label'>Marque :<\/span>Paccar<\/div><div class='models-col col-model'><span class='label'>Mod\u00e8le :<\/span>PX-6<\/div><div class='models-col col-ecm'><span class='label'>Ann\u00e9e :<\/span>2007 - 2009<\/div><div class='models-col col-tuning'><span class='label'>Moteur :<\/span>\u00c9CONOMIE DE CARBURANT & PERFORMANCE<br>\u00c9LIMINATION EGR<br>\u00c9LIMINATION DPF<br>\u00c9LIMINATION VGT<\/div><\/div><div class='models-row'><div class='models-col col-brand'><span class='label'>Marque :<\/span>Paccar<\/div><div class='models-col col-model'><span class='label'>Mod\u00e8le :<\/span>PX-7<\/div><div class='models-col col-ecm'><span class='label'>Ann\u00e9e :<\/span>2010 - 2015<\/div><div class='models-col col-tuning'><span class='label'>Moteur :<\/span>\u00c9CONOMIE DE CARBURANT & PERFORMANCE<br>\u00c9LIMINATION EGR<br>\u00c9LIMINATION DPF<br>\u00c9LIMINATION UR\u00c9E<br>\u00c9LIMINATION VGT<\/div><\/div><div class='models-row'><div class='models-col col-brand'><span class='label'>Marque :<\/span>Paccar<\/div><div class='models-col col-model'><span class='label'>Mod\u00e8le :<\/span>PX-8<\/div><div class='models-col col-ecm'><span class='label'>Ann\u00e9e :<\/span>2007 - 2009<\/div><div class='models-col col-tuning'><span class='label'>Moteur :<\/span>\u00c9CONOMIE DE CARBURANT & PERFORMANCE<br>\u00c9LIMINATION EGR<br>\u00c9LIMINATION DPF<br>\u00c9LIMINATION VGT<\/div><\/div><div class='models-row'><div class='models-col col-brand'><span class='label'>Marque :<\/span>Paccar<\/div><div class='models-col col-model'><span class='label'>Mod\u00e8le :<\/span>PX-9<\/div><div class='models-col col-ecm'><span class='label'>Ann\u00e9e :<\/span>2010 - 2015<\/div><div class='models-col col-tuning'><span class='label'>Moteur :<\/span>\u00c9CONOMIE DE CARBURANT & PERFORMANCE<br>\u00c9LIMINATION EGR<br>\u00c9LIMINATION DPF<br>\u00c9LIMINATION UR\u00c9E<br>\u00c9LIMINATION VGT<\/div><\/div><div class='models-row'><div class='models-col col-brand'><span class='label'>Marque :<\/span>Paccar<\/div><div class='models-col col-model'><span class='label'>Mod\u00e8le :<\/span>MX-13<\/div><div class='models-col col-ecm'><span class='label'>Ann\u00e9e :<\/span>2010 - 2015<\/div><div class='models-col col-tuning'><span class='label'>Moteur :<\/span>\u00c9CONOMIE DE CARBURANT & PERFORMANCE<br>\u00c9LIMINATION EGR<br>\u00c9LIMINATION DPF<br>\u00c9LIMINATION UR\u00c9E<\/div><\/div><\/div><\/div><\/p>\n<p style=\"text-align: justify;\">De plus, nous offrons la reprogrammation du moteur sur plusieurs autres mod\u00e8les de moteur diesel Paccar. Contactez-nous d\u00e8s aujourd&rsquo;hui pour savoir quels sont les mod\u00e8les de moteurs diesel Paccar nous desservons.<\/p>\n<p style=\"text-align: justify;\"><a class='btn s01' href='https:\/\/www.dieselspec.com\/fr\/nous-joindre\/' target='_self'><span>Contactez-nous<\/span><i class='icon icon-arrow-right'><\/i><\/a><\/p>\n<h2 style=\"text-align: justify;\">Probl\u00e8mes avec le DPF<\/h2>\n<p style=\"text-align: justify;\">Le DPF est con\u00e7u pour capturer la suie et les autres contaminants d&rsquo;\u00e9chappement avant qu&rsquo;ils puissent \u00eatre \u00e9mis dans l&rsquo;environnement. Malheureusement, ces filtres sont probl\u00e9matiques pour diverses raisons. La plus grande raison est parce qu&rsquo;ils doivent \u00eatre nettoy\u00e9s, et cela se fait via un processus automatique connu sous le nom de \u00ab r\u00e9g\u00e9n\u00e9ration \u00bb. La r\u00e9g\u00e9n\u00e9ration se produit aussi souvent que tous les 500 kilom\u00e8tres et consiste \u00e0 pomper des quantit\u00e9s de carburant diesel dans le syst\u00e8me qui permettra de br\u00fbler les accumulations dans le DPF. Mis \u00e0 part l&rsquo;utilisation de l&rsquo;exc\u00e8s de carburant pour effectuer la r\u00e9g\u00e9n\u00e9ration, d&rsquo;autres probl\u00e8mes avec ce processus de nettoyage impliquent le temps qu&rsquo;il faut pour l&rsquo;ex\u00e9cuter et comment il est effectu\u00e9. Plus pr\u00e9cis\u00e9ment, le v\u00e9hicule doit rouler \u00e0 70 kilom\u00e8tres par heure ou plus pour pouvoir produire suffisamment de chaleur pour fonctionner. Une fois que le syst\u00e8me commence \u00e0 fonctionner, cela peut prendre jusqu&rsquo;\u00e0 45 minutes pour que le processus soit compl\u00e9t\u00e9. Ce proc\u00e9d\u00e9 se r\u00e9p\u00e8te et cela se r\u00e9percute sur les composants du moteur et du moteur. Il est possible d&rsquo;\u00e9viter ces probl\u00e8mes en optant pour un filtre DPF de rechange. Il est cependant plus facile de tout simplement le retirer compl\u00e8tement.<\/p>\n<h2 style=\"text-align: justify;\">Avantages de l&rsquo;\u00e9limination du DPF<\/h2>\n<p style=\"text-align: justify;\">Il y a trois avantages principaux associ\u00e9s \u00e0 l\u2019\u00e9limination du DPF Paccar: plus de puissance du moteur, une meilleure \u00e9conomie de carburant et des co\u00fbts de maintenance r\u00e9duits.<\/p>\n<ul style=\"text-align: justify;\">\n<li>Plus de puissance: Apr\u00e8s la suppression du DPF, la plupart des propri\u00e9taires signalent un moteur plus performant et r\u00e9pondant plus rapidement.<\/li>\n<li>Meilleure \u00e9conomie de carburant: L&rsquo;\u00e9conomie de carburant est un grand gagnant apr\u00e8s la suppression du DPF. Non seulement un v\u00e9hicule conserve le carburant utilis\u00e9 par le filtre \u00e0 des fins de r\u00e9g\u00e9n\u00e9ration, mais un moteur plus propre est \u00e9galement un moteur qui fonctionne plus efficacement.<\/li>\n<li>Entretien r\u00e9duit: le temps c&rsquo;est de l&rsquo;argent, et si votre v\u00e9hicule \u00e0 moteur diesel est au garage, il ne g\u00e9n\u00e8re pas de revenue. En \u00e9liminant le DPF, vous \u00e9conomisez non seulement des co\u00fbts de r\u00e9paration inattendus pendant toute la dur\u00e9e de vie du moteur, mais vous prolongez aussi sa vie.<\/li>\n<\/ul>\n<p style=\"text-align: justify;\">Pour plus d&rsquo;informations sur les moteurs Paccar dont nous offrons nos services et pour en savoir plus sur les avantages de la suppression DPF, <a href=\"https:\/\/www.dieselspec.com\/fr\/nous-joindre\/\">contactez-nous<\/a> d\u00e8s aujourd\u2019hui.<\/p>\n<h2 style=\"text-align: justify;\">Avertissement calibration hors-route<\/h2>\n<p style=\"text-align: justify;\">La <a href=\"https:\/\/www.dieselspec.com\/fr\/calibration-hors-route\/\">calibration HORS-ROUTE<\/a> est destin\u00e9e \u00e0 une utilisation hors route UNIQUEMENT et peut ne pas \u00eatre l\u00e9gale dans votre Province ou \u00c9tat. Veuillez v\u00e9rifier les lois provinciales ou de votre \u00c9tat ainsi que vous r\u00e9f\u00e9rer aux lois f\u00e9d\u00e9rales avant de proc\u00e9der.<\/p>\n","protected":false},"excerpt":{"rendered":"<p>Que vous soyez propri\u00e9taire-exploitant ou gestionnaire de flotte, il est naturel de vouloir que vos v\u00e9hicules \u00e0 moteur diesel fonctionnent plus efficacement, plus \u00e9conomiquement et plus longtemps. C&rsquo;est l\u00e0 que la reprogrammation du moteur et les pratiques sp\u00e9cialis\u00e9es comme l\u2019\u00e9limination du DPF Paccar, ou filtre \u00e0 particules diesel, peuvent vraiment porter leurs fruits. La suppression&#8230; <a class=\"moretag\" href=\"https:\/\/www.dieselspec.com\/fr\/tunings\/paccar-mx-13-2010-2015\/\">En savoir plus<\/a><\/p>\n","protected":false},"author":1,"featured_media":0,"parent":283,"menu_order":0,"comment_status":"closed","ping_status":"closed","template":"","meta":{"_acf_changed":false,"om_disable_all_campaigns":false,"footnotes":""},"class_list":["post-460","page","type-page","status-publish","hentry"],"acf":[],"yoast_head":"<!-- This site is optimized with the Yoast SEO plugin v27.4 - https:\/\/yoast.com\/product\/yoast-seo-wordpress\/ -->\n<title>L&#039;\u00e9limination du DPF pour moteur diesel Paccar - Diesel Spec<\/title>\n<meta name=\"description\" content=\"Voyez comment notre \u00e9limination du DPF sur les moteurs Paccar peut am\u00e9liorer les performances et la long\u00e9vit\u00e9 de votre moteur diesel.\" \/>\n<meta name=\"robots\" content=\"index, follow, max-snippet:-1, max-image-preview:large, max-video-preview:-1\" \/>\n<link rel=\"canonical\" href=\"https:\/\/www.dieselspec.com\/fr\/elimination-de-dpf\/paccar\/\" \/>\n<meta property=\"og:locale\" content=\"fr_CA\" \/>\n<meta property=\"og:type\" content=\"article\" \/>\n<meta property=\"og:title\" content=\"L&#039;\u00e9limination du DPF pour moteur diesel Paccar - Diesel Spec\" \/>\n<meta property=\"og:description\" content=\"Voyez comment notre \u00e9limination du DPF sur les moteurs Paccar peut am\u00e9liorer les performances et la long\u00e9vit\u00e9 de votre moteur diesel.\" \/>\n<meta property=\"og:url\" content=\"https:\/\/www.dieselspec.com\/fr\/elimination-de-dpf\/paccar\/\" \/>\n<meta property=\"og:site_name\" content=\"Diesel Spec\" \/>\n<meta property=\"article:publisher\" content=\"https:\/\/www.facebook.com\/dieselspecinc\/\" \/>\n<meta property=\"article:modified_time\" content=\"2019-10-21T20:48:41+00:00\" \/>\n<meta name=\"twitter:card\" content=\"summary_large_image\" \/>\n<meta name=\"twitter:label1\" content=\"Estimation du temps de lecture\" \/>\n\t<meta name=\"twitter:data1\" content=\"3 minutes\" \/>\n<script type=\"application\/ld+json\" class=\"yoast-schema-graph\">{\"@context\":\"https:\\\/\\\/schema.org\",\"@graph\":[{\"@type\":\"WebPage\",\"@id\":\"https:\\\/\\\/www.dieselspec.com\\\/fr\\\/elimination-de-dpf\\\/paccar\\\/\",\"url\":\"https:\\\/\\\/www.dieselspec.com\\\/fr\\\/elimination-de-dpf\\\/paccar\\\/\",\"name\":\"L'\u00e9limination du DPF pour moteur diesel Paccar - Diesel Spec\",\"isPartOf\":{\"@id\":\"https:\\\/\\\/www.dieselspec.com\\\/#website\"},\"datePublished\":\"2018-07-09T13:41:57+00:00\",\"dateModified\":\"2019-10-21T20:48:41+00:00\",\"description\":\"Voyez comment notre \u00e9limination du DPF sur les moteurs Paccar peut am\u00e9liorer les performances et la long\u00e9vit\u00e9 de votre moteur diesel.\",\"breadcrumb\":{\"@id\":\"https:\\\/\\\/www.dieselspec.com\\\/fr\\\/elimination-de-dpf\\\/paccar\\\/#breadcrumb\"},\"inLanguage\":\"fr-CA\",\"potentialAction\":[{\"@type\":\"ReadAction\",\"target\":[\"https:\\\/\\\/www.dieselspec.com\\\/fr\\\/elimination-de-dpf\\\/paccar\\\/\"]}]},{\"@type\":\"BreadcrumbList\",\"@id\":\"https:\\\/\\\/www.dieselspec.com\\\/fr\\\/elimination-de-dpf\\\/paccar\\\/#breadcrumb\",\"itemListElement\":[{\"@type\":\"ListItem\",\"position\":1,\"name\":\"Home\",\"item\":\"https:\\\/\\\/www.dieselspec.com\\\/fr\\\/\"},{\"@type\":\"ListItem\",\"position\":2,\"name\":\"\u00c9limination de DPF pour camions\",\"item\":\"https:\\\/\\\/www.dieselspec.com\\\/fr\\\/elimination-de-dpf\\\/\"},{\"@type\":\"ListItem\",\"position\":3,\"name\":\"\u00c9limination du DPF pour moteur Paccar\"}]},{\"@type\":\"WebSite\",\"@id\":\"https:\\\/\\\/www.dieselspec.com\\\/#website\",\"url\":\"https:\\\/\\\/www.dieselspec.com\\\/\",\"name\":\"Diesel Spec\",\"description\":\"Un site utilisant WordPress\",\"publisher\":{\"@id\":\"https:\\\/\\\/www.dieselspec.com\\\/#organization\"},\"potentialAction\":[{\"@type\":\"SearchAction\",\"target\":{\"@type\":\"EntryPoint\",\"urlTemplate\":\"https:\\\/\\\/www.dieselspec.com\\\/?s={search_term_string}\"},\"query-input\":{\"@type\":\"PropertyValueSpecification\",\"valueRequired\":true,\"valueName\":\"search_term_string\"}}],\"inLanguage\":\"fr-CA\"},{\"@type\":\"Organization\",\"@id\":\"https:\\\/\\\/www.dieselspec.com\\\/#organization\",\"name\":\"Diesel Spec\",\"url\":\"https:\\\/\\\/www.dieselspec.com\\\/\",\"logo\":{\"@type\":\"ImageObject\",\"inLanguage\":\"fr-CA\",\"@id\":\"https:\\\/\\\/www.dieselspec.com\\\/#\\\/schema\\\/logo\\\/image\\\/\",\"url\":\"https:\\\/\\\/www.dieselspec.com\\\/wp-content\\\/uploads\\\/2018\\\/08\\\/logo.png\",\"contentUrl\":\"https:\\\/\\\/www.dieselspec.com\\\/wp-content\\\/uploads\\\/2018\\\/08\\\/logo.png\",\"width\":341,\"height\":39,\"caption\":\"Diesel Spec\"},\"image\":{\"@id\":\"https:\\\/\\\/www.dieselspec.com\\\/#\\\/schema\\\/logo\\\/image\\\/\"},\"sameAs\":[\"https:\\\/\\\/www.facebook.com\\\/dieselspecinc\\\/\",\"https:\\\/\\\/www.instagram.com\\\/diesel_spec_inc\\\/\",\"https:\\\/\\\/www.youtube.com\\\/channel\\\/UCkzKxcHstL_DVIYdum5CUxA\"]}]}<\/script>\n<!-- \/ Yoast SEO plugin. -->","yoast_head_json":{"title":"L'\u00e9limination du DPF pour moteur diesel Paccar - Diesel Spec","description":"Voyez comment notre \u00e9limination du DPF sur les moteurs Paccar peut am\u00e9liorer les performances et la long\u00e9vit\u00e9 de votre moteur diesel.","robots":{"index":"index","follow":"follow","max-snippet":"max-snippet:-1","max-image-preview":"max-image-preview:large","max-video-preview":"max-video-preview:-1"},"canonical":"https:\/\/www.dieselspec.com\/fr\/elimination-de-dpf\/paccar\/","og_locale":"fr_CA","og_type":"article","og_title":"L'\u00e9limination du DPF pour moteur diesel Paccar - Diesel Spec","og_description":"Voyez comment notre \u00e9limination du DPF sur les moteurs Paccar peut am\u00e9liorer les performances et la long\u00e9vit\u00e9 de votre moteur diesel.","og_url":"https:\/\/www.dieselspec.com\/fr\/elimination-de-dpf\/paccar\/","og_site_name":"Diesel Spec","article_publisher":"https:\/\/www.facebook.com\/dieselspecinc\/","article_modified_time":"2019-10-21T20:48:41+00:00","twitter_card":"summary_large_image","twitter_misc":{"Estimation du temps de lecture":"3 minutes"},"schema":{"@context":"https:\/\/schema.org","@graph":[{"@type":"WebPage","@id":"https:\/\/www.dieselspec.com\/fr\/elimination-de-dpf\/paccar\/","url":"https:\/\/www.dieselspec.com\/fr\/elimination-de-dpf\/paccar\/","name":"L'\u00e9limination du DPF pour moteur diesel Paccar - Diesel Spec","isPartOf":{"@id":"https:\/\/www.dieselspec.com\/#website"},"datePublished":"2018-07-09T13:41:57+00:00","dateModified":"2019-10-21T20:48:41+00:00","description":"Voyez comment notre \u00e9limination du DPF sur les moteurs Paccar peut am\u00e9liorer les performances et la long\u00e9vit\u00e9 de votre moteur diesel.","breadcrumb":{"@id":"https:\/\/www.dieselspec.com\/fr\/elimination-de-dpf\/paccar\/#breadcrumb"},"inLanguage":"fr-CA","potentialAction":[{"@type":"ReadAction","target":["https:\/\/www.dieselspec.com\/fr\/elimination-de-dpf\/paccar\/"]}]},{"@type":"BreadcrumbList","@id":"https:\/\/www.dieselspec.com\/fr\/elimination-de-dpf\/paccar\/#breadcrumb","itemListElement":[{"@type":"ListItem","position":1,"name":"Home","item":"https:\/\/www.dieselspec.com\/fr\/"},{"@type":"ListItem","position":2,"name":"\u00c9limination de DPF pour camions","item":"https:\/\/www.dieselspec.com\/fr\/elimination-de-dpf\/"},{"@type":"ListItem","position":3,"name":"\u00c9limination du DPF pour moteur Paccar"}]},{"@type":"WebSite","@id":"https:\/\/www.dieselspec.com\/#website","url":"https:\/\/www.dieselspec.com\/","name":"Diesel Spec","description":"Un site utilisant WordPress","publisher":{"@id":"https:\/\/www.dieselspec.com\/#organization"},"potentialAction":[{"@type":"SearchAction","target":{"@type":"EntryPoint","urlTemplate":"https:\/\/www.dieselspec.com\/?s={search_term_string}"},"query-input":{"@type":"PropertyValueSpecification","valueRequired":true,"valueName":"search_term_string"}}],"inLanguage":"fr-CA"},{"@type":"Organization","@id":"https:\/\/www.dieselspec.com\/#organization","name":"Diesel Spec","url":"https:\/\/www.dieselspec.com\/","logo":{"@type":"ImageObject","inLanguage":"fr-CA","@id":"https:\/\/www.dieselspec.com\/#\/schema\/logo\/image\/","url":"https:\/\/www.dieselspec.com\/wp-content\/uploads\/2018\/08\/logo.png","contentUrl":"https:\/\/www.dieselspec.com\/wp-content\/uploads\/2018\/08\/logo.png","width":341,"height":39,"caption":"Diesel Spec"},"image":{"@id":"https:\/\/www.dieselspec.com\/#\/schema\/logo\/image\/"},"sameAs":["https:\/\/www.facebook.com\/dieselspecinc\/","https:\/\/www.instagram.com\/diesel_spec_inc\/","https:\/\/www.youtube.com\/channel\/UCkzKxcHstL_DVIYdum5CUxA"]}]}},"_links":{"self":[{"href":"https:\/\/www.dieselspec.com\/fr\/wp-json\/wp\/v2\/pages\/460","targetHints":{"allow":["GET"]}}],"collection":[{"href":"https:\/\/www.dieselspec.com\/fr\/wp-json\/wp\/v2\/pages"}],"about":[{"href":"https:\/\/www.dieselspec.com\/fr\/wp-json\/wp\/v2\/types\/page"}],"author":[{"embeddable":true,"href":"https:\/\/www.dieselspec.com\/fr\/wp-json\/wp\/v2\/users\/1"}],"replies":[{"embeddable":true,"href":"https:\/\/www.dieselspec.com\/fr\/wp-json\/wp\/v2\/comments?post=460"}],"version-history":[{"count":2,"href":"https:\/\/www.dieselspec.com\/fr\/wp-json\/wp\/v2\/pages\/460\/revisions"}],"predecessor-version":[{"id":2209,"href":"https:\/\/www.dieselspec.com\/fr\/wp-json\/wp\/v2\/pages\/460\/revisions\/2209"}],"up":[{"embeddable":true,"href":"https:\/\/www.dieselspec.com\/fr\/wp-json\/wp\/v2\/pages\/283"}],"wp:attachment":[{"href":"https:\/\/www.dieselspec.com\/fr\/wp-json\/wp\/v2\/media?parent=460"}],"curies":[{"name":"wp","href":"https:\/\/api.w.org\/{rel}","templated":true}]}}