{"id":274,"date":"2018-06-29T13:03:08","date_gmt":"2018-06-29T17:03:08","guid":{"rendered":"https:\/\/www.dieselspec.com\/?page_id=274"},"modified":"2019-09-24T10:12:13","modified_gmt":"2019-09-24T14:12:13","slug":"calibration-economie-de-carburant","status":"publish","type":"page","link":"https:\/\/www.dieselspec.com\/fr\/calibration-economie-de-carburant\/","title":{"rendered":"Calibration \u00e9conomie de carburant"},"content":{"rendered":"<p style=\"text-align: justify;\"><img loading=\"lazy\" decoding=\"async\" class=\"alignright wp-image-1456 size-full\" src=\"https:\/\/www.dieselspec.com\/wp-content\/uploads\/2018\/11\/fuel-3.jpg\" alt=\"\u00e9conomie de carburant\" width=\"220\" height=\"220\" \/>Avec la hausse des prix du carburant, l&rsquo;\u00e9conomie de carburant est un facteur essentiel \u00e0 la survie d\u2019une entreprise de camionnage. Nous offrons un \u00a0service de calibration, ou \u00abTuning\u00bb, \u00a0qui peut r\u00e9duire vos co\u00fbts en carburant tout en am\u00e9liorant la performance de votre moteur.<\/p>\n<h2 style=\"text-align: justify;\">Qu&rsquo;est-ce que le \u00abTuning\u00bb ?<\/h2>\n<p style=\"text-align: justify;\">Le Tuning ou calibration consiste \u00e0 recalibrer le programme d&rsquo;origine du <a href=\"https:\/\/www.dieselspec.com\/fr\/ecm-c-est-quoi\/\">ECM<\/a>, qui contr\u00f4le la gestion de l\u2019alimentation en carburant du moteur, sans qu\u2019il ne soit n\u00e9cessaire de changer aucune pi\u00e8ce. Le r\u00e9sultat du\u00a0<em>tuning<\/em>: plus de puissance, une meilleure acc\u00e9l\u00e9ration et une r\u00e9duction de la consommation de carburant. Tout cela sans impact n\u00e9gatif sur les \u00e9missions et sans diminuer la dur\u00e9e de vie de votre moteur. Une calibration optimale permet m\u00eame de r\u00e9duire les co\u00fbts d\u2019entretien du moteur, puisqu\u2019une meilleure combustion signifie un moteur plus propre.<\/p>\n<p style=\"text-align: justify;\">Nous pouvons r\u00e9duire vos co\u00fbts de carburant 5% \u00e0 20%. Un gain d\u2019un mille au gallon sur un camion parcourant 125,000 miles par ann\u00e9e signifie une \u00e9conomie d\u2019environ 12 000$ par ann\u00e9e. Pour une flotte de 10 camions, cela repr\u00e9sente une \u00e9conomie de 120 000$ par ann\u00e9e!<\/p>\n<p style=\"text-align: justify;\">Et nos calibrations \u00c9conomie de carburant rencontrent les <a href=\"https:\/\/www.canada.ca\/fr\/emploi-developpement-social\/services\/sante-securite\/rapports\/controle-emissions-diesel.html\" target=\"_blank\" rel=\"noopener noreferrer\">normes nord-am\u00e9ricaines d&rsquo;opacit\u00e9 des \u00e9missions d\u2019\u00e9chappement<\/a>! Le test d&rsquo;opacit\u00e9 peut \u00eatre effectu\u00e9 directement chez Diesel Spec, avec les appareils autoris\u00e9s par le gouvernement canadien.<\/p>\n","protected":false},"excerpt":{"rendered":"<p>Avec la hausse des prix du carburant, l&rsquo;\u00e9conomie de carburant est un facteur essentiel \u00e0 la survie d\u2019une entreprise de camionnage. Nous offrons un \u00a0service de calibration, ou \u00abTuning\u00bb, \u00a0qui peut r\u00e9duire vos co\u00fbts en carburant tout en am\u00e9liorant la performance de votre moteur. Qu&rsquo;est-ce que le \u00abTuning\u00bb ? Le Tuning ou calibration consiste \u00e0&#8230; <a class=\"moretag\" href=\"https:\/\/www.dieselspec.com\/fr\/calibration-economie-de-carburant\/\">En savoir plus<\/a><\/p>\n","protected":false},"author":1,"featured_media":0,"parent":0,"menu_order":0,"comment_status":"closed","ping_status":"closed","template":"","meta":{"_acf_changed":false,"om_disable_all_campaigns":false,"footnotes":""},"class_list":["post-274","page","type-page","status-publish","hentry"],"acf":[],"yoast_head":"<!-- This site is optimized with the Yoast SEO plugin v27.4 - https:\/\/yoast.com\/product\/yoast-seo-wordpress\/ -->\n<title>Calibration moteur \u00e9conomie de carburant | Diesel Spec<\/title>\n<meta name=\"description\" content=\"La calibration du moteur permet une \u00e9conomie de carburant lors de vos trajets quotidiens. Diesel Spec r\u00e9alise le tuning de moteur diesel de votre camion\" \/>\n<meta name=\"robots\" content=\"index, follow, max-snippet:-1, max-image-preview:large, max-video-preview:-1\" \/>\n<link rel=\"canonical\" href=\"https:\/\/www.dieselspec.com\/fr\/calibration-economie-de-carburant\/\" \/>\n<meta property=\"og:locale\" content=\"fr_CA\" \/>\n<meta property=\"og:type\" content=\"article\" \/>\n<meta property=\"og:title\" content=\"Calibration moteur \u00e9conomie de carburant | Diesel Spec\" \/>\n<meta property=\"og:description\" content=\"La calibration du moteur permet une \u00e9conomie de carburant lors de vos trajets quotidiens. Diesel Spec r\u00e9alise le tuning de moteur diesel de votre camion\" \/>\n<meta property=\"og:url\" content=\"https:\/\/www.dieselspec.com\/fr\/calibration-economie-de-carburant\/\" \/>\n<meta property=\"og:site_name\" content=\"Diesel Spec\" \/>\n<meta property=\"article:publisher\" content=\"https:\/\/www.facebook.com\/dieselspecinc\/\" \/>\n<meta property=\"article:modified_time\" content=\"2019-09-24T14:12:13+00:00\" \/>\n<meta property=\"og:image\" content=\"https:\/\/www.dieselspec.com\/wp-content\/uploads\/2018\/11\/fuel-3.jpg\" \/>\n<meta name=\"twitter:card\" content=\"summary_large_image\" \/>\n<meta name=\"twitter:label1\" content=\"Estimation du temps de lecture\" \/>\n\t<meta name=\"twitter:data1\" content=\"1 minute\" \/>\n<script type=\"application\/ld+json\" class=\"yoast-schema-graph\">{\"@context\":\"https:\\\/\\\/schema.org\",\"@graph\":[{\"@type\":\"WebPage\",\"@id\":\"https:\\\/\\\/www.dieselspec.com\\\/fr\\\/calibration-economie-de-carburant\\\/\",\"url\":\"https:\\\/\\\/www.dieselspec.com\\\/fr\\\/calibration-economie-de-carburant\\\/\",\"name\":\"Calibration moteur \u00e9conomie de carburant | Diesel Spec\",\"isPartOf\":{\"@id\":\"https:\\\/\\\/www.dieselspec.com\\\/#website\"},\"primaryImageOfPage\":{\"@id\":\"https:\\\/\\\/www.dieselspec.com\\\/fr\\\/calibration-economie-de-carburant\\\/#primaryimage\"},\"image\":{\"@id\":\"https:\\\/\\\/www.dieselspec.com\\\/fr\\\/calibration-economie-de-carburant\\\/#primaryimage\"},\"thumbnailUrl\":\"https:\\\/\\\/www.dieselspec.com\\\/wp-content\\\/uploads\\\/2018\\\/11\\\/fuel-3.jpg\",\"datePublished\":\"2018-06-29T17:03:08+00:00\",\"dateModified\":\"2019-09-24T14:12:13+00:00\",\"description\":\"La calibration du moteur permet une \u00e9conomie de carburant lors de vos trajets quotidiens. Diesel Spec r\u00e9alise le tuning de moteur diesel de votre camion\",\"breadcrumb\":{\"@id\":\"https:\\\/\\\/www.dieselspec.com\\\/fr\\\/calibration-economie-de-carburant\\\/#breadcrumb\"},\"inLanguage\":\"fr-CA\",\"potentialAction\":[{\"@type\":\"ReadAction\",\"target\":[\"https:\\\/\\\/www.dieselspec.com\\\/fr\\\/calibration-economie-de-carburant\\\/\"]}]},{\"@type\":\"ImageObject\",\"inLanguage\":\"fr-CA\",\"@id\":\"https:\\\/\\\/www.dieselspec.com\\\/fr\\\/calibration-economie-de-carburant\\\/#primaryimage\",\"url\":\"https:\\\/\\\/www.dieselspec.com\\\/wp-content\\\/uploads\\\/2018\\\/11\\\/fuel-3.jpg\",\"contentUrl\":\"https:\\\/\\\/www.dieselspec.com\\\/wp-content\\\/uploads\\\/2018\\\/11\\\/fuel-3.jpg\"},{\"@type\":\"BreadcrumbList\",\"@id\":\"https:\\\/\\\/www.dieselspec.com\\\/fr\\\/calibration-economie-de-carburant\\\/#breadcrumb\",\"itemListElement\":[{\"@type\":\"ListItem\",\"position\":1,\"name\":\"Home\",\"item\":\"https:\\\/\\\/www.dieselspec.com\\\/fr\\\/\"},{\"@type\":\"ListItem\",\"position\":2,\"name\":\"Calibration \u00e9conomie de carburant\"}]},{\"@type\":\"WebSite\",\"@id\":\"https:\\\/\\\/www.dieselspec.com\\\/#website\",\"url\":\"https:\\\/\\\/www.dieselspec.com\\\/\",\"name\":\"Diesel Spec\",\"description\":\"Un site utilisant WordPress\",\"publisher\":{\"@id\":\"https:\\\/\\\/www.dieselspec.com\\\/#organization\"},\"potentialAction\":[{\"@type\":\"SearchAction\",\"target\":{\"@type\":\"EntryPoint\",\"urlTemplate\":\"https:\\\/\\\/www.dieselspec.com\\\/?s={search_term_string}\"},\"query-input\":{\"@type\":\"PropertyValueSpecification\",\"valueRequired\":true,\"valueName\":\"search_term_string\"}}],\"inLanguage\":\"fr-CA\"},{\"@type\":\"Organization\",\"@id\":\"https:\\\/\\\/www.dieselspec.com\\\/#organization\",\"name\":\"Diesel Spec\",\"url\":\"https:\\\/\\\/www.dieselspec.com\\\/\",\"logo\":{\"@type\":\"ImageObject\",\"inLanguage\":\"fr-CA\",\"@id\":\"https:\\\/\\\/www.dieselspec.com\\\/#\\\/schema\\\/logo\\\/image\\\/\",\"url\":\"https:\\\/\\\/www.dieselspec.com\\\/wp-content\\\/uploads\\\/2018\\\/08\\\/logo.png\",\"contentUrl\":\"https:\\\/\\\/www.dieselspec.com\\\/wp-content\\\/uploads\\\/2018\\\/08\\\/logo.png\",\"width\":341,\"height\":39,\"caption\":\"Diesel Spec\"},\"image\":{\"@id\":\"https:\\\/\\\/www.dieselspec.com\\\/#\\\/schema\\\/logo\\\/image\\\/\"},\"sameAs\":[\"https:\\\/\\\/www.facebook.com\\\/dieselspecinc\\\/\",\"https:\\\/\\\/www.instagram.com\\\/diesel_spec_inc\\\/\",\"https:\\\/\\\/www.youtube.com\\\/channel\\\/UCkzKxcHstL_DVIYdum5CUxA\"]}]}<\/script>\n<!-- \/ Yoast SEO plugin. -->","yoast_head_json":{"title":"Calibration moteur \u00e9conomie de carburant | Diesel Spec","description":"La calibration du moteur permet une \u00e9conomie de carburant lors de vos trajets quotidiens. Diesel Spec r\u00e9alise le tuning de moteur diesel de votre camion","robots":{"index":"index","follow":"follow","max-snippet":"max-snippet:-1","max-image-preview":"max-image-preview:large","max-video-preview":"max-video-preview:-1"},"canonical":"https:\/\/www.dieselspec.com\/fr\/calibration-economie-de-carburant\/","og_locale":"fr_CA","og_type":"article","og_title":"Calibration moteur \u00e9conomie de carburant | Diesel Spec","og_description":"La calibration du moteur permet une \u00e9conomie de carburant lors de vos trajets quotidiens. Diesel Spec r\u00e9alise le tuning de moteur diesel de votre camion","og_url":"https:\/\/www.dieselspec.com\/fr\/calibration-economie-de-carburant\/","og_site_name":"Diesel Spec","article_publisher":"https:\/\/www.facebook.com\/dieselspecinc\/","article_modified_time":"2019-09-24T14:12:13+00:00","og_image":[{"url":"https:\/\/www.dieselspec.com\/wp-content\/uploads\/2018\/11\/fuel-3.jpg","type":"","width":"","height":""}],"twitter_card":"summary_large_image","twitter_misc":{"Estimation du temps de lecture":"1 minute"},"schema":{"@context":"https:\/\/schema.org","@graph":[{"@type":"WebPage","@id":"https:\/\/www.dieselspec.com\/fr\/calibration-economie-de-carburant\/","url":"https:\/\/www.dieselspec.com\/fr\/calibration-economie-de-carburant\/","name":"Calibration moteur \u00e9conomie de carburant | Diesel Spec","isPartOf":{"@id":"https:\/\/www.dieselspec.com\/#website"},"primaryImageOfPage":{"@id":"https:\/\/www.dieselspec.com\/fr\/calibration-economie-de-carburant\/#primaryimage"},"image":{"@id":"https:\/\/www.dieselspec.com\/fr\/calibration-economie-de-carburant\/#primaryimage"},"thumbnailUrl":"https:\/\/www.dieselspec.com\/wp-content\/uploads\/2018\/11\/fuel-3.jpg","datePublished":"2018-06-29T17:03:08+00:00","dateModified":"2019-09-24T14:12:13+00:00","description":"La calibration du moteur permet une \u00e9conomie de carburant lors de vos trajets quotidiens. Diesel Spec r\u00e9alise le tuning de moteur diesel de votre camion","breadcrumb":{"@id":"https:\/\/www.dieselspec.com\/fr\/calibration-economie-de-carburant\/#breadcrumb"},"inLanguage":"fr-CA","potentialAction":[{"@type":"ReadAction","target":["https:\/\/www.dieselspec.com\/fr\/calibration-economie-de-carburant\/"]}]},{"@type":"ImageObject","inLanguage":"fr-CA","@id":"https:\/\/www.dieselspec.com\/fr\/calibration-economie-de-carburant\/#primaryimage","url":"https:\/\/www.dieselspec.com\/wp-content\/uploads\/2018\/11\/fuel-3.jpg","contentUrl":"https:\/\/www.dieselspec.com\/wp-content\/uploads\/2018\/11\/fuel-3.jpg"},{"@type":"BreadcrumbList","@id":"https:\/\/www.dieselspec.com\/fr\/calibration-economie-de-carburant\/#breadcrumb","itemListElement":[{"@type":"ListItem","position":1,"name":"Home","item":"https:\/\/www.dieselspec.com\/fr\/"},{"@type":"ListItem","position":2,"name":"Calibration \u00e9conomie de carburant"}]},{"@type":"WebSite","@id":"https:\/\/www.dieselspec.com\/#website","url":"https:\/\/www.dieselspec.com\/","name":"Diesel Spec","description":"Un site utilisant WordPress","publisher":{"@id":"https:\/\/www.dieselspec.com\/#organization"},"potentialAction":[{"@type":"SearchAction","target":{"@type":"EntryPoint","urlTemplate":"https:\/\/www.dieselspec.com\/?s={search_term_string}"},"query-input":{"@type":"PropertyValueSpecification","valueRequired":true,"valueName":"search_term_string"}}],"inLanguage":"fr-CA"},{"@type":"Organization","@id":"https:\/\/www.dieselspec.com\/#organization","name":"Diesel Spec","url":"https:\/\/www.dieselspec.com\/","logo":{"@type":"ImageObject","inLanguage":"fr-CA","@id":"https:\/\/www.dieselspec.com\/#\/schema\/logo\/image\/","url":"https:\/\/www.dieselspec.com\/wp-content\/uploads\/2018\/08\/logo.png","contentUrl":"https:\/\/www.dieselspec.com\/wp-content\/uploads\/2018\/08\/logo.png","width":341,"height":39,"caption":"Diesel Spec"},"image":{"@id":"https:\/\/www.dieselspec.com\/#\/schema\/logo\/image\/"},"sameAs":["https:\/\/www.facebook.com\/dieselspecinc\/","https:\/\/www.instagram.com\/diesel_spec_inc\/","https:\/\/www.youtube.com\/channel\/UCkzKxcHstL_DVIYdum5CUxA"]}]}},"_links":{"self":[{"href":"https:\/\/www.dieselspec.com\/fr\/wp-json\/wp\/v2\/pages\/274","targetHints":{"allow":["GET"]}}],"collection":[{"href":"https:\/\/www.dieselspec.com\/fr\/wp-json\/wp\/v2\/pages"}],"about":[{"href":"https:\/\/www.dieselspec.com\/fr\/wp-json\/wp\/v2\/types\/page"}],"author":[{"embeddable":true,"href":"https:\/\/www.dieselspec.com\/fr\/wp-json\/wp\/v2\/users\/1"}],"replies":[{"embeddable":true,"href":"https:\/\/www.dieselspec.com\/fr\/wp-json\/wp\/v2\/comments?post=274"}],"version-history":[{"count":0,"href":"https:\/\/www.dieselspec.com\/fr\/wp-json\/wp\/v2\/pages\/274\/revisions"}],"wp:attachment":[{"href":"https:\/\/www.dieselspec.com\/fr\/wp-json\/wp\/v2\/media?parent=274"}],"curies":[{"name":"wp","href":"https:\/\/api.w.org\/{rel}","templated":true}]}}