{"id":264,"date":"2018-06-29T12:52:32","date_gmt":"2018-06-29T16:52:32","guid":{"rendered":"https:\/\/www.dieselspec.com\/?page_id=264"},"modified":"2019-11-20T14:22:06","modified_gmt":"2019-11-20T19:22:06","slug":"ecm-c-est-quoi","status":"publish","type":"page","link":"https:\/\/www.dieselspec.com\/fr\/ecm-c-est-quoi\/","title":{"rendered":"Le Tuning ECM, c&rsquo;est quoi?"},"content":{"rendered":"<p style=\"text-align: justify;\"><img loading=\"lazy\" decoding=\"async\" class=\"wp-image-1625 size-full\" style=\"border-radius: 4px;\" src=\"https:\/\/www.dieselspec.com\/wp-content\/uploads\/2018\/12\/ecm-tuning_2.jpg\" alt=\"ECM Tuning\" width=\"960\" height=\"364\" \/><\/p>\n<h2>Diesel Spec Inc. est un leader dans le domaine du tuning de <b>moteur diesel <\/b>depuis 1987<\/h2>\n<h3><b>Avec plus de 50,000 camions recalibrer par ann\u00e9e, Diesel Spec est le leader dans le Tuning ECM et la performance pour moteur diesel<\/b><\/h3>\n<p style=\"text-align: justify;\">Le Tuning ou calibration consiste \u00e0 recalibrer le programme d&rsquo;origine du ECM, qui contr\u00f4le la gestion de l\u2019alimentation en carburant du moteur, sans qu\u2019il ne soit n\u00e9cessaire de changer aucune pi\u00e8ce. Le r\u00e9sultat du\u00a0<em>tuning<\/em>: plus de puissance, une meilleure acc\u00e9l\u00e9ration et une r\u00e9duction de la consommation de carburant. Tout cela sans impact n\u00e9gatif sur les \u00e9missions et sans diminuer la dur\u00e9e de vie de votre moteur. Une calibration optimale permet m\u00eame de r\u00e9duire les co\u00fbts d\u2019entretien du moteur, puisqu\u2019une meilleure combustion signifie un moteur plus propre.<\/p>\n<p style=\"text-align: justify;\"><img loading=\"lazy\" decoding=\"async\" class=\"wp-image-1437 alignleft\" style=\"border-radius: 4px;\" src=\"https:\/\/www.dieselspec.com\/wp-content\/uploads\/2018\/11\/DynoTest.png\" alt=\"Dyno Test\" width=\"244\" height=\"151\" \/><\/p>\n<p style=\"text-align: justify;\">Le tuning est tr\u00e8s populaire en Europe depuis les 25 derni\u00e8res ann\u00e9es, en raison du co\u00fbt \u00e9lev\u00e9 du carburant diesel. La hausse des prix en Am\u00e9rique du Nord depuis la derni\u00e8re d\u00e9cennie a entrain\u00e9 un int\u00e9r\u00eat accru pour la calibration. C\u2019est pour r\u00e9pondre \u00e0 ce besoin croissant que Diesel Spec s&rsquo;est sp\u00e9cialis\u00e9 dans le tuning de moteurs diesel pour l\u2019industrie du camionnage.<\/p>\n<p style=\"text-align: justify;\">Diesel Spec Inc. est le chef de file dans la technologie de recalibration d&rsquo;ECM (module de commande \u00e9lectronique) de camions lourds. Avec plus de 50 000 recalibrations de moteurs de camions lourds diesel et poids moyen \u00e0 notre actif, Diesel Spec a b\u00e2ti sa r\u00e9putation aupr\u00e8s n\u2019innombrables clients satisfaits dans le monde entier.<\/p>\n<p style=\"text-align: justify;\">Si vous cherchez \u00e0 augmenter votre <a href=\"https:\/\/www.dieselspec.com\/fr\/calibration-economie-de-carburant\/\">\u00e9conomie de carburant<\/a> et\/ou la <a href=\"https:\/\/www.dieselspec.com\/fr\/performance\/\">puissance de votre moteur<\/a> actuel, nous sommes convaincus que notre expertise peut vous aider \u00e0 atteindre vos objectifs. Nous offrons une garantie de satisfaction de 30 jours ou argent remis sur toutes les recalibrations. Diesel Spec se sp\u00e9cialise dans l&rsquo;\u00e9conomie de carburant et la recalibration de performance des moteurs diesel pour camions, que vous soyez camionneur ou propri\u00e9taire d&rsquo;une flotte de camions. Notre mise au point haute performance con\u00e7ue pour les courses d&rsquo;acc\u00e9l\u00e9ration et de tir progressif peut n\u00e9cessiter la suppression de la\u00a0 soupape EGR, du DPF (filtre \u00e0 particules diesel) et\/ou un n\u00e9cessaire de suppression de l&rsquo;ur\u00e9e. Ces changements permettraient \u00e0 coup s\u00fbr une calibration gagnante pour les comp\u00e9titions.<\/p>\n<h2 style=\"text-align: justify;\">Nous offrons le tuning ECM des marques suivantes:<\/h2>\n<div class=\"ul-brands\">\n<ul style=\"text-align: justify;\">\n<li>Cummins<\/li>\n<li>Caterpillar<\/li>\n<li>Detroit Diesel<\/li>\n<li>Mercedes<\/li>\n<\/ul>\n<ul>\n<li style=\"text-align: justify;\">International<\/li>\n<li style=\"text-align: justify;\">Paccar<\/li>\n<li style=\"text-align: justify;\">et la plupart des <a href=\"http:\/\/www.dieselspec-agriculture.com\/\" target=\"_blank\" rel=\"noopener noreferrer\">moteurs agricoles<\/a>.<\/li>\n<\/ul>\n<\/div>\n","protected":false},"excerpt":{"rendered":"<p>Diesel Spec Inc. est un leader dans le domaine du tuning de moteur diesel depuis 1987 Avec plus de 50,000 camions recalibrer par ann\u00e9e, Diesel Spec est le leader dans le Tuning ECM et la performance pour moteur diesel Le Tuning ou calibration consiste \u00e0 recalibrer le programme d&rsquo;origine du ECM, qui contr\u00f4le la gestion&#8230; <a class=\"moretag\" href=\"https:\/\/www.dieselspec.com\/fr\/ecm-c-est-quoi\/\">En savoir plus<\/a><\/p>\n","protected":false},"author":1,"featured_media":0,"parent":0,"menu_order":0,"comment_status":"closed","ping_status":"closed","template":"","meta":{"_acf_changed":false,"om_disable_all_campaigns":false,"footnotes":""},"class_list":["post-264","page","type-page","status-publish","hentry"],"acf":[],"yoast_head":"<!-- This site is optimized with the Yoast SEO plugin v27.4 - https:\/\/yoast.com\/product\/yoast-seo-wordpress\/ -->\n<title>Le tuning ECM pour moteur de camion | Diesel Spec<\/title>\n<meta name=\"description\" content=\"Le tuning ECM du moteur consiste \u00e0 recalibrer le programme d&#039;origine du ECM, qui contr\u00f4le la gestion de l\u2019alimentation en carburant du moteur.\" \/>\n<meta name=\"robots\" content=\"index, follow, max-snippet:-1, max-image-preview:large, max-video-preview:-1\" \/>\n<link rel=\"canonical\" href=\"https:\/\/www.dieselspec.com\/fr\/ecm-c-est-quoi\/\" \/>\n<meta property=\"og:locale\" content=\"fr_CA\" \/>\n<meta property=\"og:type\" content=\"article\" \/>\n<meta property=\"og:title\" content=\"Le tuning ECM pour moteur de camion | Diesel Spec\" \/>\n<meta property=\"og:description\" content=\"Le tuning ECM du moteur consiste \u00e0 recalibrer le programme d&#039;origine du ECM, qui contr\u00f4le la gestion de l\u2019alimentation en carburant du moteur.\" \/>\n<meta property=\"og:url\" content=\"https:\/\/www.dieselspec.com\/fr\/ecm-c-est-quoi\/\" \/>\n<meta property=\"og:site_name\" content=\"Diesel Spec\" \/>\n<meta property=\"article:publisher\" content=\"https:\/\/www.facebook.com\/dieselspecinc\/\" \/>\n<meta property=\"article:modified_time\" content=\"2019-11-20T19:22:06+00:00\" \/>\n<meta property=\"og:image\" content=\"https:\/\/www.dieselspec.com\/wp-content\/uploads\/2018\/12\/ecm-tuning_2.jpg\" \/>\n<meta name=\"twitter:card\" content=\"summary_large_image\" \/>\n<meta name=\"twitter:label1\" content=\"Estimation du temps de lecture\" \/>\n\t<meta name=\"twitter:data1\" content=\"2 minutes\" \/>\n<script type=\"application\/ld+json\" class=\"yoast-schema-graph\">{\"@context\":\"https:\\\/\\\/schema.org\",\"@graph\":[{\"@type\":\"WebPage\",\"@id\":\"https:\\\/\\\/www.dieselspec.com\\\/fr\\\/ecm-c-est-quoi\\\/\",\"url\":\"https:\\\/\\\/www.dieselspec.com\\\/fr\\\/ecm-c-est-quoi\\\/\",\"name\":\"Le tuning ECM pour moteur de camion | Diesel Spec\",\"isPartOf\":{\"@id\":\"https:\\\/\\\/www.dieselspec.com\\\/#website\"},\"primaryImageOfPage\":{\"@id\":\"https:\\\/\\\/www.dieselspec.com\\\/fr\\\/ecm-c-est-quoi\\\/#primaryimage\"},\"image\":{\"@id\":\"https:\\\/\\\/www.dieselspec.com\\\/fr\\\/ecm-c-est-quoi\\\/#primaryimage\"},\"thumbnailUrl\":\"https:\\\/\\\/www.dieselspec.com\\\/wp-content\\\/uploads\\\/2018\\\/12\\\/ecm-tuning_2.jpg\",\"datePublished\":\"2018-06-29T16:52:32+00:00\",\"dateModified\":\"2019-11-20T19:22:06+00:00\",\"description\":\"Le tuning ECM du moteur consiste \u00e0 recalibrer le programme d'origine du ECM, qui contr\u00f4le la gestion de l\u2019alimentation en carburant du moteur.\",\"breadcrumb\":{\"@id\":\"https:\\\/\\\/www.dieselspec.com\\\/fr\\\/ecm-c-est-quoi\\\/#breadcrumb\"},\"inLanguage\":\"fr-CA\",\"potentialAction\":[{\"@type\":\"ReadAction\",\"target\":[\"https:\\\/\\\/www.dieselspec.com\\\/fr\\\/ecm-c-est-quoi\\\/\"]}]},{\"@type\":\"ImageObject\",\"inLanguage\":\"fr-CA\",\"@id\":\"https:\\\/\\\/www.dieselspec.com\\\/fr\\\/ecm-c-est-quoi\\\/#primaryimage\",\"url\":\"https:\\\/\\\/www.dieselspec.com\\\/wp-content\\\/uploads\\\/2018\\\/12\\\/ecm-tuning_2.jpg\",\"contentUrl\":\"https:\\\/\\\/www.dieselspec.com\\\/wp-content\\\/uploads\\\/2018\\\/12\\\/ecm-tuning_2.jpg\"},{\"@type\":\"BreadcrumbList\",\"@id\":\"https:\\\/\\\/www.dieselspec.com\\\/fr\\\/ecm-c-est-quoi\\\/#breadcrumb\",\"itemListElement\":[{\"@type\":\"ListItem\",\"position\":1,\"name\":\"Home\",\"item\":\"https:\\\/\\\/www.dieselspec.com\\\/fr\\\/\"},{\"@type\":\"ListItem\",\"position\":2,\"name\":\"Le Tuning ECM, c&rsquo;est quoi?\"}]},{\"@type\":\"WebSite\",\"@id\":\"https:\\\/\\\/www.dieselspec.com\\\/#website\",\"url\":\"https:\\\/\\\/www.dieselspec.com\\\/\",\"name\":\"Diesel Spec\",\"description\":\"Un site utilisant WordPress\",\"publisher\":{\"@id\":\"https:\\\/\\\/www.dieselspec.com\\\/#organization\"},\"potentialAction\":[{\"@type\":\"SearchAction\",\"target\":{\"@type\":\"EntryPoint\",\"urlTemplate\":\"https:\\\/\\\/www.dieselspec.com\\\/?s={search_term_string}\"},\"query-input\":{\"@type\":\"PropertyValueSpecification\",\"valueRequired\":true,\"valueName\":\"search_term_string\"}}],\"inLanguage\":\"fr-CA\"},{\"@type\":\"Organization\",\"@id\":\"https:\\\/\\\/www.dieselspec.com\\\/#organization\",\"name\":\"Diesel Spec\",\"url\":\"https:\\\/\\\/www.dieselspec.com\\\/\",\"logo\":{\"@type\":\"ImageObject\",\"inLanguage\":\"fr-CA\",\"@id\":\"https:\\\/\\\/www.dieselspec.com\\\/#\\\/schema\\\/logo\\\/image\\\/\",\"url\":\"https:\\\/\\\/www.dieselspec.com\\\/wp-content\\\/uploads\\\/2018\\\/08\\\/logo.png\",\"contentUrl\":\"https:\\\/\\\/www.dieselspec.com\\\/wp-content\\\/uploads\\\/2018\\\/08\\\/logo.png\",\"width\":341,\"height\":39,\"caption\":\"Diesel Spec\"},\"image\":{\"@id\":\"https:\\\/\\\/www.dieselspec.com\\\/#\\\/schema\\\/logo\\\/image\\\/\"},\"sameAs\":[\"https:\\\/\\\/www.facebook.com\\\/dieselspecinc\\\/\",\"https:\\\/\\\/www.instagram.com\\\/diesel_spec_inc\\\/\",\"https:\\\/\\\/www.youtube.com\\\/channel\\\/UCkzKxcHstL_DVIYdum5CUxA\"]}]}<\/script>\n<!-- \/ Yoast SEO plugin. -->","yoast_head_json":{"title":"Le tuning ECM pour moteur de camion | Diesel Spec","description":"Le tuning ECM du moteur consiste \u00e0 recalibrer le programme d'origine du ECM, qui contr\u00f4le la gestion de l\u2019alimentation en carburant du moteur.","robots":{"index":"index","follow":"follow","max-snippet":"max-snippet:-1","max-image-preview":"max-image-preview:large","max-video-preview":"max-video-preview:-1"},"canonical":"https:\/\/www.dieselspec.com\/fr\/ecm-c-est-quoi\/","og_locale":"fr_CA","og_type":"article","og_title":"Le tuning ECM pour moteur de camion | Diesel Spec","og_description":"Le tuning ECM du moteur consiste \u00e0 recalibrer le programme d'origine du ECM, qui contr\u00f4le la gestion de l\u2019alimentation en carburant du moteur.","og_url":"https:\/\/www.dieselspec.com\/fr\/ecm-c-est-quoi\/","og_site_name":"Diesel Spec","article_publisher":"https:\/\/www.facebook.com\/dieselspecinc\/","article_modified_time":"2019-11-20T19:22:06+00:00","og_image":[{"url":"https:\/\/www.dieselspec.com\/wp-content\/uploads\/2018\/12\/ecm-tuning_2.jpg","type":"","width":"","height":""}],"twitter_card":"summary_large_image","twitter_misc":{"Estimation du temps de lecture":"2 minutes"},"schema":{"@context":"https:\/\/schema.org","@graph":[{"@type":"WebPage","@id":"https:\/\/www.dieselspec.com\/fr\/ecm-c-est-quoi\/","url":"https:\/\/www.dieselspec.com\/fr\/ecm-c-est-quoi\/","name":"Le tuning ECM pour moteur de camion | Diesel Spec","isPartOf":{"@id":"https:\/\/www.dieselspec.com\/#website"},"primaryImageOfPage":{"@id":"https:\/\/www.dieselspec.com\/fr\/ecm-c-est-quoi\/#primaryimage"},"image":{"@id":"https:\/\/www.dieselspec.com\/fr\/ecm-c-est-quoi\/#primaryimage"},"thumbnailUrl":"https:\/\/www.dieselspec.com\/wp-content\/uploads\/2018\/12\/ecm-tuning_2.jpg","datePublished":"2018-06-29T16:52:32+00:00","dateModified":"2019-11-20T19:22:06+00:00","description":"Le tuning ECM du moteur consiste \u00e0 recalibrer le programme d'origine du ECM, qui contr\u00f4le la gestion de l\u2019alimentation en carburant du moteur.","breadcrumb":{"@id":"https:\/\/www.dieselspec.com\/fr\/ecm-c-est-quoi\/#breadcrumb"},"inLanguage":"fr-CA","potentialAction":[{"@type":"ReadAction","target":["https:\/\/www.dieselspec.com\/fr\/ecm-c-est-quoi\/"]}]},{"@type":"ImageObject","inLanguage":"fr-CA","@id":"https:\/\/www.dieselspec.com\/fr\/ecm-c-est-quoi\/#primaryimage","url":"https:\/\/www.dieselspec.com\/wp-content\/uploads\/2018\/12\/ecm-tuning_2.jpg","contentUrl":"https:\/\/www.dieselspec.com\/wp-content\/uploads\/2018\/12\/ecm-tuning_2.jpg"},{"@type":"BreadcrumbList","@id":"https:\/\/www.dieselspec.com\/fr\/ecm-c-est-quoi\/#breadcrumb","itemListElement":[{"@type":"ListItem","position":1,"name":"Home","item":"https:\/\/www.dieselspec.com\/fr\/"},{"@type":"ListItem","position":2,"name":"Le Tuning ECM, c&rsquo;est quoi?"}]},{"@type":"WebSite","@id":"https:\/\/www.dieselspec.com\/#website","url":"https:\/\/www.dieselspec.com\/","name":"Diesel Spec","description":"Un site utilisant WordPress","publisher":{"@id":"https:\/\/www.dieselspec.com\/#organization"},"potentialAction":[{"@type":"SearchAction","target":{"@type":"EntryPoint","urlTemplate":"https:\/\/www.dieselspec.com\/?s={search_term_string}"},"query-input":{"@type":"PropertyValueSpecification","valueRequired":true,"valueName":"search_term_string"}}],"inLanguage":"fr-CA"},{"@type":"Organization","@id":"https:\/\/www.dieselspec.com\/#organization","name":"Diesel Spec","url":"https:\/\/www.dieselspec.com\/","logo":{"@type":"ImageObject","inLanguage":"fr-CA","@id":"https:\/\/www.dieselspec.com\/#\/schema\/logo\/image\/","url":"https:\/\/www.dieselspec.com\/wp-content\/uploads\/2018\/08\/logo.png","contentUrl":"https:\/\/www.dieselspec.com\/wp-content\/uploads\/2018\/08\/logo.png","width":341,"height":39,"caption":"Diesel Spec"},"image":{"@id":"https:\/\/www.dieselspec.com\/#\/schema\/logo\/image\/"},"sameAs":["https:\/\/www.facebook.com\/dieselspecinc\/","https:\/\/www.instagram.com\/diesel_spec_inc\/","https:\/\/www.youtube.com\/channel\/UCkzKxcHstL_DVIYdum5CUxA"]}]}},"_links":{"self":[{"href":"https:\/\/www.dieselspec.com\/fr\/wp-json\/wp\/v2\/pages\/264","targetHints":{"allow":["GET"]}}],"collection":[{"href":"https:\/\/www.dieselspec.com\/fr\/wp-json\/wp\/v2\/pages"}],"about":[{"href":"https:\/\/www.dieselspec.com\/fr\/wp-json\/wp\/v2\/types\/page"}],"author":[{"embeddable":true,"href":"https:\/\/www.dieselspec.com\/fr\/wp-json\/wp\/v2\/users\/1"}],"replies":[{"embeddable":true,"href":"https:\/\/www.dieselspec.com\/fr\/wp-json\/wp\/v2\/comments?post=264"}],"version-history":[{"count":2,"href":"https:\/\/www.dieselspec.com\/fr\/wp-json\/wp\/v2\/pages\/264\/revisions"}],"predecessor-version":[{"id":2290,"href":"https:\/\/www.dieselspec.com\/fr\/wp-json\/wp\/v2\/pages\/264\/revisions\/2290"}],"wp:attachment":[{"href":"https:\/\/www.dieselspec.com\/fr\/wp-json\/wp\/v2\/media?parent=264"}],"curies":[{"name":"wp","href":"https:\/\/api.w.org\/{rel}","templated":true}]}}