{"id":1485,"date":"2018-11-21T12:17:12","date_gmt":"2018-11-21T17:17:12","guid":{"rendered":"https:\/\/www.dieselspec.com\/?page_id=1485"},"modified":"2026-02-13T11:48:38","modified_gmt":"2026-02-13T16:48:38","slug":"temoignages","status":"publish","type":"page","link":"https:\/\/www.dieselspec.com\/fr\/temoignages\/","title":{"rendered":"T\u00e9moignages"},"content":{"rendered":"<p style=\"text-align: justify;\">Avant d\u2019avoir recours \u00e0 nos services, consultez les t\u00e9moignages de nos clients satisfaits du service qu\u2019ils ont re\u00e7us pour le calibrage de leur moteur diesel de camion lourd. Notre client\u00e8le poss\u00e8de des v\u00e9hicules des marques suivantes\u00a0: Detroit Diesel, International, Mercedes, Paccar, Caterpillar, Cummins, Isuzu et Hino. Nos services sont offerts pour optimiser l\u2019efficacit\u00e9 de votre moteur diesel et ce, pour toute une vari\u00e9t\u00e9 de camions lourds.<\/p>\n<p style=\"text-align: justify;\">Pour tout besoin de r\u00e9paration de moteurs diesel pour camions lourds, les clients suivants ont eu recours \u00e0 l\u2019expertise de Diesel Spec.<\/p>\n<p style=\"text-align: justify;\">Pour la calibration de moteurs diesel, nos clients ont recours \u00e0 nos diff\u00e9rents outils de calibration. Que ce soit pour l\u2019\u00e9conomie d\u2019essence, la performance accrue de votre moteur, la calibration pour l\u2019utilisation hors-route de votre v\u00e9hicule lourd ou encore l\u2019ajout de pi\u00e8ces de performance, Diesel Spec est l\u2019expert en la mati\u00e8re. Fiez-vous aux t\u00e9moignages de notre client\u00e8le satisfaite des services re\u00e7us et de leur efficacit\u00e9 chez Diesel Spec.<\/p>\n<p style=\"text-align: justify;\">\n<h2 style=\"text-align: justify;\">Consulter les bons mots de nos clients<\/h2>\n","protected":false},"excerpt":{"rendered":"<p>Avant d\u2019avoir recours \u00e0 nos services, consultez les t\u00e9moignages de nos clients satisfaits du service qu\u2019ils ont re\u00e7us pour le calibrage de leur moteur diesel de camion lourd. Notre client\u00e8le poss\u00e8de des v\u00e9hicules des marques suivantes\u00a0: Detroit Diesel, International, Mercedes, Paccar, Caterpillar, Cummins, Isuzu et Hino. Nos services sont offerts pour optimiser l\u2019efficacit\u00e9 de votre&#8230; <a class=\"moretag\" href=\"https:\/\/www.dieselspec.com\/fr\/temoignages\/\">En savoir plus<\/a><\/p>\n","protected":false},"author":1,"featured_media":0,"parent":0,"menu_order":0,"comment_status":"closed","ping_status":"closed","template":"template-testimonies.php","meta":{"_acf_changed":false,"om_disable_all_campaigns":false,"footnotes":""},"class_list":["post-1485","page","type-page","status-publish","hentry"],"acf":[],"yoast_head":"<!-- This site is optimized with the Yoast SEO plugin v27.4 - https:\/\/yoast.com\/product\/yoast-seo-wordpress\/ -->\n<title>T\u00e9moignages et avis de nos clients | Diesel Spec<\/title>\n<meta name=\"description\" content=\"Nous clients parlent pour nous. La qualit\u00e9 de notre travail reste notre plus grande fiert\u00e9 \u00e0 Diesel Spec. Lisez vous m\u00eame. Contactez-nous pour des d\u00e9tails.\" \/>\n<meta name=\"robots\" content=\"index, follow, max-snippet:-1, max-image-preview:large, max-video-preview:-1\" \/>\n<link rel=\"canonical\" href=\"https:\/\/www.dieselspec.com\/fr\/temoignages\/\" \/>\n<meta property=\"og:locale\" content=\"fr_CA\" \/>\n<meta property=\"og:type\" content=\"article\" \/>\n<meta property=\"og:title\" content=\"T\u00e9moignages et avis de nos clients | Diesel Spec\" \/>\n<meta property=\"og:description\" content=\"Nous clients parlent pour nous. La qualit\u00e9 de notre travail reste notre plus grande fiert\u00e9 \u00e0 Diesel Spec. Lisez vous m\u00eame. Contactez-nous pour des d\u00e9tails.\" \/>\n<meta property=\"og:url\" content=\"https:\/\/www.dieselspec.com\/fr\/temoignages\/\" \/>\n<meta property=\"og:site_name\" content=\"Diesel Spec\" \/>\n<meta property=\"article:publisher\" content=\"https:\/\/www.facebook.com\/dieselspecinc\/\" \/>\n<meta property=\"article:modified_time\" content=\"2026-02-13T16:48:38+00:00\" \/>\n<meta name=\"twitter:card\" content=\"summary_large_image\" \/>\n<meta name=\"twitter:label1\" content=\"Estimation du temps de lecture\" \/>\n\t<meta name=\"twitter:data1\" content=\"1 minute\" \/>\n<script type=\"application\/ld+json\" class=\"yoast-schema-graph\">{\"@context\":\"https:\\\/\\\/schema.org\",\"@graph\":[{\"@type\":\"WebPage\",\"@id\":\"https:\\\/\\\/www.dieselspec.com\\\/fr\\\/temoignages\\\/\",\"url\":\"https:\\\/\\\/www.dieselspec.com\\\/fr\\\/temoignages\\\/\",\"name\":\"T\u00e9moignages et avis de nos clients | Diesel Spec\",\"isPartOf\":{\"@id\":\"https:\\\/\\\/www.dieselspec.com\\\/#website\"},\"datePublished\":\"2018-11-21T17:17:12+00:00\",\"dateModified\":\"2026-02-13T16:48:38+00:00\",\"description\":\"Nous clients parlent pour nous. La qualit\u00e9 de notre travail reste notre plus grande fiert\u00e9 \u00e0 Diesel Spec. Lisez vous m\u00eame. Contactez-nous pour des d\u00e9tails.\",\"breadcrumb\":{\"@id\":\"https:\\\/\\\/www.dieselspec.com\\\/fr\\\/temoignages\\\/#breadcrumb\"},\"inLanguage\":\"fr-CA\",\"potentialAction\":[{\"@type\":\"ReadAction\",\"target\":[\"https:\\\/\\\/www.dieselspec.com\\\/fr\\\/temoignages\\\/\"]}]},{\"@type\":\"BreadcrumbList\",\"@id\":\"https:\\\/\\\/www.dieselspec.com\\\/fr\\\/temoignages\\\/#breadcrumb\",\"itemListElement\":[{\"@type\":\"ListItem\",\"position\":1,\"name\":\"Home\",\"item\":\"https:\\\/\\\/www.dieselspec.com\\\/fr\\\/\"},{\"@type\":\"ListItem\",\"position\":2,\"name\":\"T\u00e9moignages\"}]},{\"@type\":\"WebSite\",\"@id\":\"https:\\\/\\\/www.dieselspec.com\\\/#website\",\"url\":\"https:\\\/\\\/www.dieselspec.com\\\/\",\"name\":\"Diesel Spec\",\"description\":\"Un site utilisant WordPress\",\"publisher\":{\"@id\":\"https:\\\/\\\/www.dieselspec.com\\\/#organization\"},\"potentialAction\":[{\"@type\":\"SearchAction\",\"target\":{\"@type\":\"EntryPoint\",\"urlTemplate\":\"https:\\\/\\\/www.dieselspec.com\\\/?s={search_term_string}\"},\"query-input\":{\"@type\":\"PropertyValueSpecification\",\"valueRequired\":true,\"valueName\":\"search_term_string\"}}],\"inLanguage\":\"fr-CA\"},{\"@type\":\"Organization\",\"@id\":\"https:\\\/\\\/www.dieselspec.com\\\/#organization\",\"name\":\"Diesel Spec\",\"url\":\"https:\\\/\\\/www.dieselspec.com\\\/\",\"logo\":{\"@type\":\"ImageObject\",\"inLanguage\":\"fr-CA\",\"@id\":\"https:\\\/\\\/www.dieselspec.com\\\/#\\\/schema\\\/logo\\\/image\\\/\",\"url\":\"https:\\\/\\\/www.dieselspec.com\\\/wp-content\\\/uploads\\\/2018\\\/08\\\/logo.png\",\"contentUrl\":\"https:\\\/\\\/www.dieselspec.com\\\/wp-content\\\/uploads\\\/2018\\\/08\\\/logo.png\",\"width\":341,\"height\":39,\"caption\":\"Diesel Spec\"},\"image\":{\"@id\":\"https:\\\/\\\/www.dieselspec.com\\\/#\\\/schema\\\/logo\\\/image\\\/\"},\"sameAs\":[\"https:\\\/\\\/www.facebook.com\\\/dieselspecinc\\\/\",\"https:\\\/\\\/www.instagram.com\\\/diesel_spec_inc\\\/\",\"https:\\\/\\\/www.youtube.com\\\/channel\\\/UCkzKxcHstL_DVIYdum5CUxA\"]}]}<\/script>\n<!-- \/ Yoast SEO plugin. -->","yoast_head_json":{"title":"T\u00e9moignages et avis de nos clients | Diesel Spec","description":"Nous clients parlent pour nous. La qualit\u00e9 de notre travail reste notre plus grande fiert\u00e9 \u00e0 Diesel Spec. Lisez vous m\u00eame. Contactez-nous pour des d\u00e9tails.","robots":{"index":"index","follow":"follow","max-snippet":"max-snippet:-1","max-image-preview":"max-image-preview:large","max-video-preview":"max-video-preview:-1"},"canonical":"https:\/\/www.dieselspec.com\/fr\/temoignages\/","og_locale":"fr_CA","og_type":"article","og_title":"T\u00e9moignages et avis de nos clients | Diesel Spec","og_description":"Nous clients parlent pour nous. La qualit\u00e9 de notre travail reste notre plus grande fiert\u00e9 \u00e0 Diesel Spec. Lisez vous m\u00eame. Contactez-nous pour des d\u00e9tails.","og_url":"https:\/\/www.dieselspec.com\/fr\/temoignages\/","og_site_name":"Diesel Spec","article_publisher":"https:\/\/www.facebook.com\/dieselspecinc\/","article_modified_time":"2026-02-13T16:48:38+00:00","twitter_card":"summary_large_image","twitter_misc":{"Estimation du temps de lecture":"1 minute"},"schema":{"@context":"https:\/\/schema.org","@graph":[{"@type":"WebPage","@id":"https:\/\/www.dieselspec.com\/fr\/temoignages\/","url":"https:\/\/www.dieselspec.com\/fr\/temoignages\/","name":"T\u00e9moignages et avis de nos clients | Diesel Spec","isPartOf":{"@id":"https:\/\/www.dieselspec.com\/#website"},"datePublished":"2018-11-21T17:17:12+00:00","dateModified":"2026-02-13T16:48:38+00:00","description":"Nous clients parlent pour nous. La qualit\u00e9 de notre travail reste notre plus grande fiert\u00e9 \u00e0 Diesel Spec. Lisez vous m\u00eame. Contactez-nous pour des d\u00e9tails.","breadcrumb":{"@id":"https:\/\/www.dieselspec.com\/fr\/temoignages\/#breadcrumb"},"inLanguage":"fr-CA","potentialAction":[{"@type":"ReadAction","target":["https:\/\/www.dieselspec.com\/fr\/temoignages\/"]}]},{"@type":"BreadcrumbList","@id":"https:\/\/www.dieselspec.com\/fr\/temoignages\/#breadcrumb","itemListElement":[{"@type":"ListItem","position":1,"name":"Home","item":"https:\/\/www.dieselspec.com\/fr\/"},{"@type":"ListItem","position":2,"name":"T\u00e9moignages"}]},{"@type":"WebSite","@id":"https:\/\/www.dieselspec.com\/#website","url":"https:\/\/www.dieselspec.com\/","name":"Diesel Spec","description":"Un site utilisant WordPress","publisher":{"@id":"https:\/\/www.dieselspec.com\/#organization"},"potentialAction":[{"@type":"SearchAction","target":{"@type":"EntryPoint","urlTemplate":"https:\/\/www.dieselspec.com\/?s={search_term_string}"},"query-input":{"@type":"PropertyValueSpecification","valueRequired":true,"valueName":"search_term_string"}}],"inLanguage":"fr-CA"},{"@type":"Organization","@id":"https:\/\/www.dieselspec.com\/#organization","name":"Diesel Spec","url":"https:\/\/www.dieselspec.com\/","logo":{"@type":"ImageObject","inLanguage":"fr-CA","@id":"https:\/\/www.dieselspec.com\/#\/schema\/logo\/image\/","url":"https:\/\/www.dieselspec.com\/wp-content\/uploads\/2018\/08\/logo.png","contentUrl":"https:\/\/www.dieselspec.com\/wp-content\/uploads\/2018\/08\/logo.png","width":341,"height":39,"caption":"Diesel Spec"},"image":{"@id":"https:\/\/www.dieselspec.com\/#\/schema\/logo\/image\/"},"sameAs":["https:\/\/www.facebook.com\/dieselspecinc\/","https:\/\/www.instagram.com\/diesel_spec_inc\/","https:\/\/www.youtube.com\/channel\/UCkzKxcHstL_DVIYdum5CUxA"]}]}},"_links":{"self":[{"href":"https:\/\/www.dieselspec.com\/fr\/wp-json\/wp\/v2\/pages\/1485","targetHints":{"allow":["GET"]}}],"collection":[{"href":"https:\/\/www.dieselspec.com\/fr\/wp-json\/wp\/v2\/pages"}],"about":[{"href":"https:\/\/www.dieselspec.com\/fr\/wp-json\/wp\/v2\/types\/page"}],"author":[{"embeddable":true,"href":"https:\/\/www.dieselspec.com\/fr\/wp-json\/wp\/v2\/users\/1"}],"replies":[{"embeddable":true,"href":"https:\/\/www.dieselspec.com\/fr\/wp-json\/wp\/v2\/comments?post=1485"}],"version-history":[{"count":1,"href":"https:\/\/www.dieselspec.com\/fr\/wp-json\/wp\/v2\/pages\/1485\/revisions"}],"predecessor-version":[{"id":2669,"href":"https:\/\/www.dieselspec.com\/fr\/wp-json\/wp\/v2\/pages\/1485\/revisions\/2669"}],"wp:attachment":[{"href":"https:\/\/www.dieselspec.com\/fr\/wp-json\/wp\/v2\/media?parent=1485"}],"curies":[{"name":"wp","href":"https:\/\/api.w.org\/{rel}","templated":true}]}}