{"id":1193,"date":"2018-10-24T12:58:35","date_gmt":"2018-10-24T16:58:35","guid":{"rendered":"https:\/\/www.dieselspec.com\/?page_id=1193"},"modified":"2019-09-24T14:24:56","modified_gmt":"2019-09-24T18:24:56","slug":"isuzu","status":"publish","type":"page","link":"https:\/\/www.dieselspec.com\/fr\/elimination-de-urea\/isuzu\/","title":{"rendered":"\u00c9limination du syst\u00e8me d&rsquo;ur\u00e9e pour moteur Isuzu"},"content":{"rendered":"<p style=\"text-align: justify;\">Alors que de nombreux exploitants v\u00e9hicules et gestionnaires de flottes ont entendu parler de suppression du DPF et de l\u2019\u00e9limination du EGR, un autre service que nous offrons m\u00e9rite d&rsquo;\u00eatre consid\u00e9r\u00e9. Nous offrons l\u2019\u00e9limination du syst\u00e8me d\u2019ur\u00e9e sur la plupart des moteurs de camion ainsi que sur les v\u00e9hicules agricoles et de construction. Nous sommes en mesure d&rsquo;effectuer ce service sur une grande vari\u00e9t\u00e9 de marques de moteurs diff\u00e9rents, y compris Isuzu. Voici un aper\u00e7u des avantages de l&rsquo;\u00e9limination de ce composant:<\/p>\n<p style=\"text-align: justify;\">\n<h2 style=\"text-align: justify;\">Qu\u2019est-ce que le syst\u00e8me \u00e0 l\u2019ur\u00e9e?<\/h2>\n<p style=\"text-align: justify;\">L\u2019Ur\u00e9e est synonyme de \u00ab r\u00e9duction catalytique s\u00e9lective \u00bb. Plus pr\u00e9cis\u00e9ment, il s&rsquo;agit d&rsquo;une d\u2019un syst\u00e8me con\u00e7u pour r\u00e9duire la quantit\u00e9 d&rsquo;oxyde d&rsquo;azote qui p\u00e9n\u00e8tre dans l&rsquo;atmosph\u00e8re. Ce syst\u00e8me fonctionne gr\u00e2ce \u00e0 un fluide appel\u00e9 ur\u00e9e (DEF). Inject\u00e9 dans le flux d&rsquo;\u00e9chappement, le syst\u00e8me convertit les oxydes d&rsquo;azote nocifs en azote. L\u2019Ur\u00e9e est une d\u00e9pense suppl\u00e9mentaire pour les gestionnaires et les propri\u00e9taires. Le syst\u00e8me \u00e0 l\u2019ur\u00e9e est une composante probl\u00e9matique qui a besoin d\u2019entretien et de r\u00e9parations fr\u00e9quentes. C&rsquo;est pourquoi de nombreux gestionnaires de flotte et propri\u00e9taires choisissent simplement de l\u2019\u00e9liminer compl\u00e8tement du v\u00e9hicule. Cette pratique est particuli\u00e8rement populaire parmi les v\u00e9hicules \u00e0 moteur diesel dans le domaine agricole.<\/p>\n<p style=\"text-align: justify;\">\n<h2 style=\"text-align: justify;\">Avantages de la suppression du syst\u00e8me \u00e0 l\u2019ur\u00e9e<\/h2>\n<p style=\"text-align: justify;\">En plus d&rsquo;aider \u00e0 am\u00e9liorer la performance du moteur, l&rsquo;\u00e9conomie de carburant, et l&rsquo;efficacit\u00e9 du moteur comme nous l&rsquo;avons mentionn\u00e9 en d\u00e9but de page, l\u2019\u00e9limination du syst\u00e8me \u00e0 l\u2019ur\u00e9e est \u00e9galement associ\u00e9e \u00e0 plusieurs autres avantages notables:<\/p>\n<ul style=\"text-align: justify;\">\n<li>Co\u00fbt: lorsque vous supprimez le SCR (syst\u00e8me \u00e0 l\u2019ur\u00e9e), vous n&rsquo;avez plus besoin d&rsquo;acheter le DEF pour qu\u2019il soit inject\u00e9 dans l&rsquo;\u00e9chappement.<\/li>\n<li>Les syst\u00e8mes \u00e0 l\u2019ur\u00e9e sont probl\u00e9matiques et n\u00e9cessitent souvent une r\u00e9paration. Les r\u00e9parations signifient des temps de mise hors service du v\u00e9hicule, et le temps c&rsquo;est de l&rsquo;argent! En particulier dans les \u00e9quipements agricoles o\u00f9 le service UREA s&rsquo;est av\u00e9r\u00e9 important. En \u00e9liminant le syst\u00e8me \u00e0 l\u2019ur\u00e9e, vous \u00e9liminez tous les tracas qui lui sont associ\u00e9s.<\/li>\n<\/ul>\n<p style=\"text-align: justify;\">\n<h2 style=\"text-align: justify;\">Suppression d&rsquo;UREA: partie d&rsquo;un renforcement complet des performances du moteur<\/h2>\n<p style=\"text-align: justify;\">L\u2019\u00e9limination de l\u2019ur\u00e9e est un compl\u00e9ment id\u00e9al \u00e0 l\u2019\u00e9limination des filtres DPF (filtre \u00e0 particules diesel) ainsi que de l\u2019EGR (recirculation des gaz d&rsquo;\u00e9chappement). Lorsque cette suppression est effectu\u00e9e en plus des deux autres services, l\u2019\u00e9limination du syst\u00e8me d\u2019ur\u00e9e peut aider \u00e0 augmenter les performances globales du moteur jusqu&rsquo;\u00e0 20% en comprenant une augmentation de 30% du couple et aussi une possibilit\u00e9 allant jusqu&rsquo;\u00e0 20% d&rsquo;\u00e9conomie de carburant. Ceci est en plus de prolonger la dur\u00e9e de vie du moteur et de r\u00e9duire les temps hors service du v\u00e9hicule et de maintenance.<\/p>\n<h2 style=\"text-align: justify;\">Moteur Isuzu dont nous offrons le service d\u2019\u00e9limination du syst\u00e8me d\u2019ur\u00e9e<\/h2>\n<p style=\"text-align: justify;\">Nous offrons le service sur une vaste gamme de mod\u00e8les des moteurs diesel Isuzu. Parmi les services que nous fournissons, nous offrons l\u2019\u00e9limination du syst\u00e8me \u00e0 l\u2019ur\u00e9e (ainsi que EGR et DPF). Contactez-nous d\u00e8s aujourd&rsquo;hui. L&rsquo;une des choses qui distinguent Diesel Spec des autres dans le domaine de la reprogrammation des moteurs diesel est la grande vari\u00e9t\u00e9 de marques de moteurs et de mod\u00e8les avec lesquels nous sommes en mesure d\u2019offrir le service incluant les moteurs Isuzu. Contactez-nous d\u00e8s aujourd&rsquo;hui pour conna\u00eetre la port\u00e9e de ce que nous pouvons faire et de quelle fa\u00e7on dont nous pouvons aider votre moteur Isuzu \u00e0 fonctionner au mieux de ses capacit\u00e9s.<\/p>\n<p style=\"text-align: justify;\"><\/p>\n<p style=\"text-align: justify;\">En outre, nous sommes en mesure d&rsquo;effectuer la reprogrammation du moteur ainsi que d\u2019autres services, tels que l\u2019\u00e9limination de l\u2019EGR et la suppression du syst\u00e8me \u00e0 l&rsquo;ur\u00e9e sur des dizaines de mod\u00e8les de moteurs Isuzu. Si vous ne voyez pas votre moteur dans la liste ci-dessus, <a href=\"https:\/\/www.dieselspec.com\/fr\/nous-joindre\/\">contactez-nous<\/a> d\u00e8s aujourd&rsquo;hui pour un aper\u00e7u plus complet des moteurs sur lesquels nous sommes en mesure d&rsquo;effectuer la suppression du DPF.<\/p>\n<p style=\"text-align: justify;\"><a class='btn s01' href='https:\/\/www.dieselspec.com\/fr\/nous-joindre\/' target='_self'><span>Contactez-nous<\/span><i class='icon icon-arrow-right'><\/i><\/a><\/p>\n","protected":false},"excerpt":{"rendered":"<p>Alors que de nombreux exploitants v\u00e9hicules et gestionnaires de flottes ont entendu parler de suppression du DPF et de l\u2019\u00e9limination du EGR, un autre service que nous offrons m\u00e9rite d&rsquo;\u00eatre consid\u00e9r\u00e9. Nous offrons l\u2019\u00e9limination du syst\u00e8me d\u2019ur\u00e9e sur la plupart des moteurs de camion ainsi que sur les v\u00e9hicules agricoles et de construction. Nous sommes&#8230; <a class=\"moretag\" href=\"https:\/\/www.dieselspec.com\/fr\/elimination-de-urea\/isuzu\/\">En savoir plus<\/a><\/p>\n","protected":false},"author":1,"featured_media":0,"parent":285,"menu_order":0,"comment_status":"closed","ping_status":"closed","template":"","meta":{"_acf_changed":false,"om_disable_all_campaigns":false,"footnotes":""},"class_list":["post-1193","page","type-page","status-publish","hentry"],"acf":[],"yoast_head":"<!-- This site is optimized with the Yoast SEO plugin v27.4 - https:\/\/yoast.com\/product\/yoast-seo-wordpress\/ -->\n<title>\u00c9limination du syst\u00e8me d&#039;ur\u00e9e pour moteur Isuzu | Diesel Spec<\/title>\n<meta name=\"description\" content=\"L&#039;\u00e9limination du syst\u00e8me d\u2019ur\u00e9e peut \u00eatre b\u00e9n\u00e9fique pour votre moteur diesel Isuzu et vous faire \u00e9conomiser de l&#039;argent au fil du temps.\" \/>\n<meta name=\"robots\" content=\"index, follow, max-snippet:-1, max-image-preview:large, max-video-preview:-1\" \/>\n<link rel=\"canonical\" href=\"https:\/\/www.dieselspec.com\/fr\/elimination-de-urea\/isuzu\/\" \/>\n<meta property=\"og:locale\" content=\"fr_CA\" \/>\n<meta property=\"og:type\" content=\"article\" \/>\n<meta property=\"og:title\" content=\"\u00c9limination du syst\u00e8me d&#039;ur\u00e9e pour moteur Isuzu | Diesel Spec\" \/>\n<meta property=\"og:description\" content=\"L&#039;\u00e9limination du syst\u00e8me d\u2019ur\u00e9e peut \u00eatre b\u00e9n\u00e9fique pour votre moteur diesel Isuzu et vous faire \u00e9conomiser de l&#039;argent au fil du temps.\" \/>\n<meta property=\"og:url\" content=\"https:\/\/www.dieselspec.com\/fr\/elimination-de-urea\/isuzu\/\" \/>\n<meta property=\"og:site_name\" content=\"Diesel Spec\" \/>\n<meta property=\"article:publisher\" content=\"https:\/\/www.facebook.com\/dieselspecinc\/\" \/>\n<meta property=\"article:modified_time\" content=\"2019-09-24T18:24:56+00:00\" \/>\n<meta name=\"twitter:card\" content=\"summary_large_image\" \/>\n<meta name=\"twitter:label1\" content=\"Estimation du temps de lecture\" \/>\n\t<meta name=\"twitter:data1\" content=\"4 minutes\" \/>\n<script type=\"application\/ld+json\" class=\"yoast-schema-graph\">{\"@context\":\"https:\\\/\\\/schema.org\",\"@graph\":[{\"@type\":\"WebPage\",\"@id\":\"https:\\\/\\\/www.dieselspec.com\\\/fr\\\/elimination-de-urea\\\/isuzu\\\/\",\"url\":\"https:\\\/\\\/www.dieselspec.com\\\/fr\\\/elimination-de-urea\\\/isuzu\\\/\",\"name\":\"\u00c9limination du syst\u00e8me d'ur\u00e9e pour moteur Isuzu | Diesel Spec\",\"isPartOf\":{\"@id\":\"https:\\\/\\\/www.dieselspec.com\\\/#website\"},\"datePublished\":\"2018-10-24T16:58:35+00:00\",\"dateModified\":\"2019-09-24T18:24:56+00:00\",\"description\":\"L'\u00e9limination du syst\u00e8me d\u2019ur\u00e9e peut \u00eatre b\u00e9n\u00e9fique pour votre moteur diesel Isuzu et vous faire \u00e9conomiser de l'argent au fil du temps.\",\"breadcrumb\":{\"@id\":\"https:\\\/\\\/www.dieselspec.com\\\/fr\\\/elimination-de-urea\\\/isuzu\\\/#breadcrumb\"},\"inLanguage\":\"fr-CA\",\"potentialAction\":[{\"@type\":\"ReadAction\",\"target\":[\"https:\\\/\\\/www.dieselspec.com\\\/fr\\\/elimination-de-urea\\\/isuzu\\\/\"]}]},{\"@type\":\"BreadcrumbList\",\"@id\":\"https:\\\/\\\/www.dieselspec.com\\\/fr\\\/elimination-de-urea\\\/isuzu\\\/#breadcrumb\",\"itemListElement\":[{\"@type\":\"ListItem\",\"position\":1,\"name\":\"Home\",\"item\":\"https:\\\/\\\/www.dieselspec.com\\\/fr\\\/\"},{\"@type\":\"ListItem\",\"position\":2,\"name\":\"\u00c9limination du syst\u00e8me d&rsquo;ur\u00e9e pour camions\",\"item\":\"https:\\\/\\\/www.dieselspec.com\\\/fr\\\/elimination-de-urea\\\/\"},{\"@type\":\"ListItem\",\"position\":3,\"name\":\"\u00c9limination du syst\u00e8me d&rsquo;ur\u00e9e pour moteur Isuzu\"}]},{\"@type\":\"WebSite\",\"@id\":\"https:\\\/\\\/www.dieselspec.com\\\/#website\",\"url\":\"https:\\\/\\\/www.dieselspec.com\\\/\",\"name\":\"Diesel Spec\",\"description\":\"Un site utilisant WordPress\",\"publisher\":{\"@id\":\"https:\\\/\\\/www.dieselspec.com\\\/#organization\"},\"potentialAction\":[{\"@type\":\"SearchAction\",\"target\":{\"@type\":\"EntryPoint\",\"urlTemplate\":\"https:\\\/\\\/www.dieselspec.com\\\/?s={search_term_string}\"},\"query-input\":{\"@type\":\"PropertyValueSpecification\",\"valueRequired\":true,\"valueName\":\"search_term_string\"}}],\"inLanguage\":\"fr-CA\"},{\"@type\":\"Organization\",\"@id\":\"https:\\\/\\\/www.dieselspec.com\\\/#organization\",\"name\":\"Diesel Spec\",\"url\":\"https:\\\/\\\/www.dieselspec.com\\\/\",\"logo\":{\"@type\":\"ImageObject\",\"inLanguage\":\"fr-CA\",\"@id\":\"https:\\\/\\\/www.dieselspec.com\\\/#\\\/schema\\\/logo\\\/image\\\/\",\"url\":\"https:\\\/\\\/www.dieselspec.com\\\/wp-content\\\/uploads\\\/2018\\\/08\\\/logo.png\",\"contentUrl\":\"https:\\\/\\\/www.dieselspec.com\\\/wp-content\\\/uploads\\\/2018\\\/08\\\/logo.png\",\"width\":341,\"height\":39,\"caption\":\"Diesel Spec\"},\"image\":{\"@id\":\"https:\\\/\\\/www.dieselspec.com\\\/#\\\/schema\\\/logo\\\/image\\\/\"},\"sameAs\":[\"https:\\\/\\\/www.facebook.com\\\/dieselspecinc\\\/\",\"https:\\\/\\\/www.instagram.com\\\/diesel_spec_inc\\\/\",\"https:\\\/\\\/www.youtube.com\\\/channel\\\/UCkzKxcHstL_DVIYdum5CUxA\"]}]}<\/script>\n<!-- \/ Yoast SEO plugin. -->","yoast_head_json":{"title":"\u00c9limination du syst\u00e8me d'ur\u00e9e pour moteur Isuzu | Diesel Spec","description":"L'\u00e9limination du syst\u00e8me d\u2019ur\u00e9e peut \u00eatre b\u00e9n\u00e9fique pour votre moteur diesel Isuzu et vous faire \u00e9conomiser de l'argent au fil du temps.","robots":{"index":"index","follow":"follow","max-snippet":"max-snippet:-1","max-image-preview":"max-image-preview:large","max-video-preview":"max-video-preview:-1"},"canonical":"https:\/\/www.dieselspec.com\/fr\/elimination-de-urea\/isuzu\/","og_locale":"fr_CA","og_type":"article","og_title":"\u00c9limination du syst\u00e8me d'ur\u00e9e pour moteur Isuzu | Diesel Spec","og_description":"L'\u00e9limination du syst\u00e8me d\u2019ur\u00e9e peut \u00eatre b\u00e9n\u00e9fique pour votre moteur diesel Isuzu et vous faire \u00e9conomiser de l'argent au fil du temps.","og_url":"https:\/\/www.dieselspec.com\/fr\/elimination-de-urea\/isuzu\/","og_site_name":"Diesel Spec","article_publisher":"https:\/\/www.facebook.com\/dieselspecinc\/","article_modified_time":"2019-09-24T18:24:56+00:00","twitter_card":"summary_large_image","twitter_misc":{"Estimation du temps de lecture":"4 minutes"},"schema":{"@context":"https:\/\/schema.org","@graph":[{"@type":"WebPage","@id":"https:\/\/www.dieselspec.com\/fr\/elimination-de-urea\/isuzu\/","url":"https:\/\/www.dieselspec.com\/fr\/elimination-de-urea\/isuzu\/","name":"\u00c9limination du syst\u00e8me d'ur\u00e9e pour moteur Isuzu | Diesel Spec","isPartOf":{"@id":"https:\/\/www.dieselspec.com\/#website"},"datePublished":"2018-10-24T16:58:35+00:00","dateModified":"2019-09-24T18:24:56+00:00","description":"L'\u00e9limination du syst\u00e8me d\u2019ur\u00e9e peut \u00eatre b\u00e9n\u00e9fique pour votre moteur diesel Isuzu et vous faire \u00e9conomiser de l'argent au fil du temps.","breadcrumb":{"@id":"https:\/\/www.dieselspec.com\/fr\/elimination-de-urea\/isuzu\/#breadcrumb"},"inLanguage":"fr-CA","potentialAction":[{"@type":"ReadAction","target":["https:\/\/www.dieselspec.com\/fr\/elimination-de-urea\/isuzu\/"]}]},{"@type":"BreadcrumbList","@id":"https:\/\/www.dieselspec.com\/fr\/elimination-de-urea\/isuzu\/#breadcrumb","itemListElement":[{"@type":"ListItem","position":1,"name":"Home","item":"https:\/\/www.dieselspec.com\/fr\/"},{"@type":"ListItem","position":2,"name":"\u00c9limination du syst\u00e8me d&rsquo;ur\u00e9e pour camions","item":"https:\/\/www.dieselspec.com\/fr\/elimination-de-urea\/"},{"@type":"ListItem","position":3,"name":"\u00c9limination du syst\u00e8me d&rsquo;ur\u00e9e pour moteur Isuzu"}]},{"@type":"WebSite","@id":"https:\/\/www.dieselspec.com\/#website","url":"https:\/\/www.dieselspec.com\/","name":"Diesel Spec","description":"Un site utilisant WordPress","publisher":{"@id":"https:\/\/www.dieselspec.com\/#organization"},"potentialAction":[{"@type":"SearchAction","target":{"@type":"EntryPoint","urlTemplate":"https:\/\/www.dieselspec.com\/?s={search_term_string}"},"query-input":{"@type":"PropertyValueSpecification","valueRequired":true,"valueName":"search_term_string"}}],"inLanguage":"fr-CA"},{"@type":"Organization","@id":"https:\/\/www.dieselspec.com\/#organization","name":"Diesel Spec","url":"https:\/\/www.dieselspec.com\/","logo":{"@type":"ImageObject","inLanguage":"fr-CA","@id":"https:\/\/www.dieselspec.com\/#\/schema\/logo\/image\/","url":"https:\/\/www.dieselspec.com\/wp-content\/uploads\/2018\/08\/logo.png","contentUrl":"https:\/\/www.dieselspec.com\/wp-content\/uploads\/2018\/08\/logo.png","width":341,"height":39,"caption":"Diesel Spec"},"image":{"@id":"https:\/\/www.dieselspec.com\/#\/schema\/logo\/image\/"},"sameAs":["https:\/\/www.facebook.com\/dieselspecinc\/","https:\/\/www.instagram.com\/diesel_spec_inc\/","https:\/\/www.youtube.com\/channel\/UCkzKxcHstL_DVIYdum5CUxA"]}]}},"_links":{"self":[{"href":"https:\/\/www.dieselspec.com\/fr\/wp-json\/wp\/v2\/pages\/1193","targetHints":{"allow":["GET"]}}],"collection":[{"href":"https:\/\/www.dieselspec.com\/fr\/wp-json\/wp\/v2\/pages"}],"about":[{"href":"https:\/\/www.dieselspec.com\/fr\/wp-json\/wp\/v2\/types\/page"}],"author":[{"embeddable":true,"href":"https:\/\/www.dieselspec.com\/fr\/wp-json\/wp\/v2\/users\/1"}],"replies":[{"embeddable":true,"href":"https:\/\/www.dieselspec.com\/fr\/wp-json\/wp\/v2\/comments?post=1193"}],"version-history":[{"count":0,"href":"https:\/\/www.dieselspec.com\/fr\/wp-json\/wp\/v2\/pages\/1193\/revisions"}],"up":[{"embeddable":true,"href":"https:\/\/www.dieselspec.com\/fr\/wp-json\/wp\/v2\/pages\/285"}],"wp:attachment":[{"href":"https:\/\/www.dieselspec.com\/fr\/wp-json\/wp\/v2\/media?parent=1193"}],"curies":[{"name":"wp","href":"https:\/\/api.w.org\/{rel}","templated":true}]}}